{"id":12,"date":"2025-12-28T19:49:27","date_gmt":"2025-12-28T19:49:27","guid":{"rendered":"https:\/\/juliasanchezmusic.com\/?page_id=12"},"modified":"2026-01-10T14:13:40","modified_gmt":"2026-01-10T14:13:40","slug":"acerca-de","status":"publish","type":"page","link":"https:\/\/juliasanchezmusic.com\/en\/acerca-de\/","title":{"rendered":"Julia Sanchez"},"content":{"rendered":"<h2 class=\"wp-block-heading has-large-font-size\" id=\"inspiro-is-a-digital-product-agency-that-focuses-on-strategy-and-design\" style=\"font-style:normal;font-weight:100\"><strong>Argentine composer and conductor based in Spain, whose work stands at the intersection of the symphonic tradition and a contemporary cinematic sensibility. <\/strong><\/h2>\n\n\n\n\n\n<div style=\"height:100px\" aria-hidden=\"true\" class=\"wp-block-spacer\"><\/div>\n\n\n\n<div class=\"wp-block-columns alignwide is-layout-flex wp-container-core-columns-is-layout-28f84493 wp-block-columns-is-layout-flex\">\n<div class=\"wp-block-column is-layout-flow wp-block-column-is-layout-flow\">\n<figure class=\"wp-block-image size-large\"><img loading=\"lazy\" decoding=\"async\" width=\"1024\" height=\"768\" src=\"https:\/\/juliasanchezmusic.com\/wp-content\/uploads\/2026\/01\/515089081_10162794682844596_6005902595801610071_n-1024x768.webp\" alt=\"\" class=\"wp-image-168\" style=\"aspect-ratio:3\/2;object-fit:cover\" srcset=\"https:\/\/juliasanchezmusic.com\/wp-content\/uploads\/2026\/01\/515089081_10162794682844596_6005902595801610071_n-1024x768.webp 1024w, https:\/\/juliasanchezmusic.com\/wp-content\/uploads\/2026\/01\/515089081_10162794682844596_6005902595801610071_n-300x225.webp 300w, https:\/\/juliasanchezmusic.com\/wp-content\/uploads\/2026\/01\/515089081_10162794682844596_6005902595801610071_n-16x12.webp 16w, https:\/\/juliasanchezmusic.com\/wp-content\/uploads\/2026\/01\/515089081_10162794682844596_6005902595801610071_n.webp 1080w\" sizes=\"auto, (max-width: 1024px) 100vw, 1024px\" \/><\/figure>\n\n\n\n<p class=\"has-text-color has-medium-font-size\" style=\"color:#c19a6b\">Musical Language<\/p>\n\n\n\n<p class=\"has-text-color\" style=\"color:#7a7a7a\">Defined by a clear narrative drive, intense emotional depth, and pronounced melodic lyricism, her musical language explores the tension between vulnerability, courage, and dramatic strength.<\/p>\n<\/div>\n\n\n\n<div class=\"wp-block-column is-layout-flow wp-block-column-is-layout-flow\">\n<figure class=\"wp-block-image size-large\"><img loading=\"lazy\" decoding=\"async\" width=\"1024\" height=\"683\" src=\"https:\/\/juliasanchezmusic.com\/wp-content\/uploads\/2026\/01\/Copia-de-Teatro-Municipal-de-Lima-1-orquesta-y-coro-1024x683.webp\" alt=\"\" class=\"wp-image-171\" srcset=\"https:\/\/juliasanchezmusic.com\/wp-content\/uploads\/2026\/01\/Copia-de-Teatro-Municipal-de-Lima-1-orquesta-y-coro-1024x683.webp 1024w, https:\/\/juliasanchezmusic.com\/wp-content\/uploads\/2026\/01\/Copia-de-Teatro-Municipal-de-Lima-1-orquesta-y-coro-300x200.webp 300w, https:\/\/juliasanchezmusic.com\/wp-content\/uploads\/2026\/01\/Copia-de-Teatro-Municipal-de-Lima-1-orquesta-y-coro-600x400.webp 600w, https:\/\/juliasanchezmusic.com\/wp-content\/uploads\/2026\/01\/Copia-de-Teatro-Municipal-de-Lima-1-orquesta-y-coro-1200x800.webp 1200w, https:\/\/juliasanchezmusic.com\/wp-content\/uploads\/2026\/01\/Copia-de-Teatro-Municipal-de-Lima-1-orquesta-y-coro-18x12.webp 18w, https:\/\/juliasanchezmusic.com\/wp-content\/uploads\/2026\/01\/Copia-de-Teatro-Municipal-de-Lima-1-orquesta-y-coro.webp 1944w\" sizes=\"auto, (max-width: 1024px) 100vw, 1024px\" \/><\/figure>\n\n\n\n<p class=\"has-text-color has-medium-font-size\" style=\"color:#c19a6b\">Artistic Practice<\/p>\n\n\n\n<p class=\"has-text-color\" style=\"color:#7a7a7a\">Her artistic practice unfolds in constant dialogue between the stage, the symphonic realm, and the audiovisual world. Her works have been presented in cities such as Helsinki, Buenos Aires, Copenhagen, Madrid, Lima, Los Angeles, and Manila, among others.<\/p>\n<\/div>\n\n\n\n<div class=\"wp-block-column is-layout-flow wp-block-column-is-layout-flow\">\n<figure class=\"wp-block-image size-full\"><img loading=\"lazy\" decoding=\"async\" width=\"1000\" height=\"804\" src=\"https:\/\/juliasanchezmusic.com\/wp-content\/uploads\/2026\/01\/Foto-original-que-se-uso-como-tapa-de-sencillo-1-copy.webp\" alt=\"\" class=\"wp-image-176\" style=\"aspect-ratio:3\/2;object-fit:cover\" srcset=\"https:\/\/juliasanchezmusic.com\/wp-content\/uploads\/2026\/01\/Foto-original-que-se-uso-como-tapa-de-sencillo-1-copy.webp 1000w, https:\/\/juliasanchezmusic.com\/wp-content\/uploads\/2026\/01\/Foto-original-que-se-uso-como-tapa-de-sencillo-1-copy-300x241.webp 300w, https:\/\/juliasanchezmusic.com\/wp-content\/uploads\/2026\/01\/Foto-original-que-se-uso-como-tapa-de-sencillo-1-copy-15x12.webp 15w\" sizes=\"auto, (max-width: 1000px) 100vw, 1000px\" \/><\/figure>\n\n\n\n<p class=\"has-text-color has-medium-font-size\" style=\"color:#c19a6b\">Catalogue<\/p>\n\n\n\n<p class=\"has-text-color\" style=\"color:#7a7a7a\">Her catalogue includes symphonic works, incidental music, audiovisual projects, and pieces involving real-time technology and processing, such as <em>i2<\/em>, awarded by Argentina\u2019s National Arts Fund. Her work has been supported by institutions such as AIE \u2013 Artists Society of Spain.<\/p>\n<\/div>\n\n\n\n<div class=\"wp-block-column is-layout-flow wp-block-column-is-layout-flow\">\n<figure class=\"wp-block-image size-large\"><img loading=\"lazy\" decoding=\"async\" width=\"1024\" height=\"1024\" src=\"https:\/\/juliasanchezmusic.com\/wp-content\/uploads\/2026\/01\/516394682_10162808096889596_5197057013376330690_n-1024x1024.jpg\" alt=\"\" class=\"wp-image-173\" style=\"aspect-ratio:3\/2;object-fit:cover\" srcset=\"https:\/\/juliasanchezmusic.com\/wp-content\/uploads\/2026\/01\/516394682_10162808096889596_5197057013376330690_n-1024x1024.jpg 1024w, https:\/\/juliasanchezmusic.com\/wp-content\/uploads\/2026\/01\/516394682_10162808096889596_5197057013376330690_n-300x300.jpg 300w, https:\/\/juliasanchezmusic.com\/wp-content\/uploads\/2026\/01\/516394682_10162808096889596_5197057013376330690_n-150x150.jpg 150w, https:\/\/juliasanchezmusic.com\/wp-content\/uploads\/2026\/01\/516394682_10162808096889596_5197057013376330690_n-12x12.jpg 12w, https:\/\/juliasanchezmusic.com\/wp-content\/uploads\/2026\/01\/516394682_10162808096889596_5197057013376330690_n.jpg 1080w\" sizes=\"auto, (max-width: 1024px) 100vw, 1024px\" \/><\/figure>\n\n\n\n<p class=\"has-text-color has-medium-font-size\" style=\"color:#c19a6b\">Music<\/p>\n\n\n\n<p class=\"has-text-color\" style=\"color:#7a7a7a\">Her music is conceived as a scenic and emotional experience: a space where tradition engages with the present, and where each work proposes a journey designed to connect deeply with diverse audiences.<\/p>\n<\/div>\n<\/div>\n\n\n\n\n\n\n\n\n\n\n\n<div class=\"gb-element-55fdcd0f\">\n<div class=\"gb-element-f129f46d\">\n<figure class=\"wp-block-image size-large aspect15\"><img loading=\"lazy\" decoding=\"async\" width=\"768\" height=\"1024\" src=\"https:\/\/juliasanchezmusic.com\/wp-content\/uploads\/2026\/01\/IMG-20250629-WA0074-768x1024.webp\" alt=\"\" class=\"wp-image-653\" style=\"aspect-ratio:3\/4;object-fit:cover\" title=\"Colaboraciones Destacadas\" srcset=\"https:\/\/juliasanchezmusic.com\/wp-content\/uploads\/2026\/01\/IMG-20250629-WA0074-768x1024.webp 768w, https:\/\/juliasanchezmusic.com\/wp-content\/uploads\/2026\/01\/IMG-20250629-WA0074-225x300.webp 225w, https:\/\/juliasanchezmusic.com\/wp-content\/uploads\/2026\/01\/IMG-20250629-WA0074-9x12.webp 9w, https:\/\/juliasanchezmusic.com\/wp-content\/uploads\/2026\/01\/IMG-20250629-WA0074.webp 1200w\" sizes=\"auto, (max-width: 768px) 100vw, 768px\" \/><\/figure>\n<\/div>\n\n\n\n<div>\n<h2 class=\"wp-block-heading has-text-color has-link-color wp-elements-cd7919ad2f3fcc824df2b8942534667d\" style=\"color:#c19a6b\"><strong>Colaboraciones y Presentaciones Destacadas<\/strong><\/h2>\n\n\n\n<p><strong>Festivals &amp; Specialized Platforms<\/strong><\/p>\n\n\n\n<ul class=\"wp-block-list\">\n<li>Guest Composer \u2014 Scandinavian Saxophone Festival<\/li>\n\n\n\n<li>Artistic Collaboration \u2014 Nordic Saxophone Quartet<\/li>\n<\/ul>\n\n\n\n<p><strong>Musical Direction &amp; Symphonic Projects<\/strong><\/p>\n\n\n\n<ul class=\"wp-block-list\">\n<li>Conducting and Recording of <em>Seeming Chrysalis<\/em> \u2014 Manila Symphony Orchestra\nAliw Theatre \u00b7 Manila \u00b7 2025<\/li>\n\n\n\n<li>Guest Conductor \u2014 Symphonic and choral ensembles in Europe and the Americas<\/li>\n<\/ul>\n\n\n\n<p><strong><strong>Opera &amp; Stage Work<\/strong><\/strong><\/p>\n\n\n\n<ul class=\"wp-block-list\">\n<li>Assistant Stage Director \u2014 Opera Studio of Teatro Argentino de La Plata\nProductions including Cos\u00ec fan tutte and I Due Timidi <em>Cos\u00ec fan tutte<\/em> e <em>I Due Timidi<\/em><\/li>\n<\/ul>\n\n\n\n<p><strong><strong><strong>Residencies &amp; Professional Environments<\/strong><\/strong><\/strong><\/p>\n\n\n\n<ul class=\"wp-block-list\">\n<li>Professional Workshop \/ Artistic Residency  - Warner Bross Studios. Los Angeles, EEUU\u00a0 \u00b7 2024<\/li>\n<\/ul>\n<\/div>\n<\/div>\n\n\n\n<div class=\"gb-element-e901ade8\">\n<div>\n<h2 class=\"wp-block-heading has-text-color has-link-color wp-elements-f4711816be44dbe3d853fdae7a6316d6\" style=\"color:#c19a6b\"><strong>Pedagogical &amp; Academic Activity<\/strong><\/h2>\n\n\n\n<p><strong><strong><strong>Residencies &amp; Professional Environments<\/strong><\/strong><\/strong><\/p>\n\n\n\n<ul class=\"wp-block-list\">\n<li>Head of Studies \u2014 DJP Music School<\/li>\n\n\n\n<li>PhD Candidate in Artistic, Literary and Cultural Studies \u2014 Universidad Aut\u00f3noma de Madrid (UAM)<\/li>\n<\/ul>\n\n\n\n<p><strong><strong><strong><strong>University Teaching &amp; Seminars<\/strong><\/strong><\/strong><\/strong><\/p>\n\n\n\n<ul class=\"wp-block-list\">\n<li>Guest Lecturer \u2014 Seminar on Argentine Music\nKarlstad University \u00b7 Ingesund School of Music \u00b7 Arvika, Sweden<\/li>\n<\/ul>\n\n\n\n<p><strong><strong><strong><strong>Training, Talks &amp; International Programs<\/strong><\/strong><\/strong><\/strong><\/p>\n\n\n\n<ul class=\"wp-block-list\">\n<li>Guest Speaker \u2014 Conducting Talks &amp; Practice Series\nASPEB \u00b7 Pontificia Universidad Cat\u00f3lica del Per\u00fa (PUCP) \u00b7 Lima, Peru<\/li>\n\n\n\n<li>Sound Creation &amp; Research \u2014 Sacred Sounds \u00b7 Sacred Spaces\nNational and Kapodistrian University of Athens (NKUA) \u00b7 Athens, Greece<\/li>\n<\/ul>\n<\/div>\n\n\n\n<div class=\"gb-element-eb99f59a\">\n<figure class=\"wp-block-image size-large aspect15\"><img loading=\"lazy\" decoding=\"async\" width=\"838\" height=\"1024\" src=\"https:\/\/juliasanchezmusic.com\/wp-content\/uploads\/2026\/01\/515257816_10162801196024596_3426039100058252022_n-838x1024.webp\" alt=\"\" class=\"wp-image-172\" style=\"aspect-ratio:3\/4;object-fit:cover\" title=\"Colaboraciones Destacadas\" srcset=\"https:\/\/juliasanchezmusic.com\/wp-content\/uploads\/2026\/01\/515257816_10162801196024596_3426039100058252022_n-838x1024.webp 838w, https:\/\/juliasanchezmusic.com\/wp-content\/uploads\/2026\/01\/515257816_10162801196024596_3426039100058252022_n-246x300.webp 246w, https:\/\/juliasanchezmusic.com\/wp-content\/uploads\/2026\/01\/515257816_10162801196024596_3426039100058252022_n-10x12.webp 10w, https:\/\/juliasanchezmusic.com\/wp-content\/uploads\/2026\/01\/515257816_10162801196024596_3426039100058252022_n.webp 1080w\" sizes=\"auto, (max-width: 838px) 100vw, 838px\" \/><\/figure>\n<\/div>\n<\/div>","protected":false},"excerpt":{"rendered":"<p>Compositora y directora argentina radicada en Espa\u00f1a, cuya obra se sit\u00faa en el cruce entre la tradici\u00f3n sinf\u00f3nica y una sensibilidad cinematogr\u00e1fica contempor\u00e1nea. Lenguaje Musical Su lenguaje musical se caracteriza por una clara vocaci\u00f3n narrativa, una intensa carga emocional y un marcado lirismo mel\u00f3dico, explorando la tensi\u00f3n entre vulnerabilidad, coraje y fuerza dram\u00e1tica. Pr\u00e1ctica Art\u00edstica &hellip; <\/p>\n<p class=\"link-more\"><a href=\"https:\/\/juliasanchezmusic.com\/en\/acerca-de\/\" class=\"more-link\">Read more<span class=\"screen-reader-text\"> \u00abJulia Sanchez\u00bb<\/span><\/a><\/p>","protected":false},"author":1,"featured_media":163,"parent":0,"menu_order":0,"comment_status":"closed","ping_status":"closed","template":"","meta":{"inspiro_hide_title":false,"footnotes":""},"class_list":["post-12","page","type-page","status-publish","has-post-thumbnail","hentry"],"yoast_head":"<!-- This site is optimized with the Yoast SEO plugin v27.4 - https:\/\/yoast.com\/product\/yoast-seo-wordpress\/ -->\n<title>Julia Sanchez - Julia Sanchez Music<\/title>\n<meta name=\"robots\" content=\"index, follow, max-snippet:-1, max-image-preview:large, max-video-preview:-1\" \/>\n<link rel=\"canonical\" href=\"https:\/\/juliasanchezmusic.com\/en\/acerca-de\/\" \/>\n<meta property=\"og:locale\" content=\"en_US\" \/>\n<meta property=\"og:type\" content=\"article\" \/>\n<meta property=\"og:title\" content=\"Julia Sanchez - Julia Sanchez Music\" \/>\n<meta property=\"og:description\" content=\"Compositora y directora argentina radicada en Espa\u00f1a, cuya obra se sit\u00faa en el cruce entre la tradici\u00f3n sinf\u00f3nica y una sensibilidad cinematogr\u00e1fica contempor\u00e1nea. Lenguaje Musical Su lenguaje musical se caracteriza por una clara vocaci\u00f3n narrativa, una intensa carga emocional y un marcado lirismo mel\u00f3dico, explorando la tensi\u00f3n entre vulnerabilidad, coraje y fuerza dram\u00e1tica. Pr\u00e1ctica Art\u00edstica &hellip; Read more &quot;Julia Sanchez&quot;\" \/>\n<meta property=\"og:url\" content=\"https:\/\/juliasanchezmusic.com\/en\/acerca-de\/\" \/>\n<meta property=\"og:site_name\" content=\"Julia Sanchez Music\" \/>\n<meta property=\"article:modified_time\" content=\"2026-01-10T14:13:40+00:00\" \/>\n<meta property=\"og:image\" content=\"https:\/\/juliasanchezmusic.com\/wp-content\/uploads\/2026\/01\/BIO-bg.webp\" \/>\n\t<meta property=\"og:image:width\" content=\"2560\" \/>\n\t<meta property=\"og:image:height\" content=\"1333\" \/>\n\t<meta property=\"og:image:type\" content=\"image\/webp\" \/>\n<meta name=\"twitter:card\" content=\"summary_large_image\" \/>\n<meta name=\"twitter:label1\" content=\"Est. reading time\" \/>\n\t<meta name=\"twitter:data1\" content=\"5 minutes\" \/>\n<script type=\"application\/ld+json\" class=\"yoast-schema-graph\">{\"@context\":\"https:\\\/\\\/schema.org\",\"@graph\":[{\"@type\":\"WebPage\",\"@id\":\"https:\\\/\\\/juliasanchezmusic.com\\\/acerca-de\\\/\",\"url\":\"https:\\\/\\\/juliasanchezmusic.com\\\/acerca-de\\\/\",\"name\":\"Julia Sanchez - Julia Sanchez Music\",\"isPartOf\":{\"@id\":\"https:\\\/\\\/juliasanchezmusic.com\\\/#website\"},\"primaryImageOfPage\":{\"@id\":\"https:\\\/\\\/juliasanchezmusic.com\\\/acerca-de\\\/#primaryimage\"},\"image\":{\"@id\":\"https:\\\/\\\/juliasanchezmusic.com\\\/acerca-de\\\/#primaryimage\"},\"thumbnailUrl\":\"https:\\\/\\\/juliasanchezmusic.com\\\/wp-content\\\/uploads\\\/2026\\\/01\\\/BIO-bg.webp\",\"datePublished\":\"2025-12-28T19:49:27+00:00\",\"dateModified\":\"2026-01-10T14:13:40+00:00\",\"breadcrumb\":{\"@id\":\"https:\\\/\\\/juliasanchezmusic.com\\\/acerca-de\\\/#breadcrumb\"},\"inLanguage\":\"en-US\",\"potentialAction\":[{\"@type\":\"ReadAction\",\"target\":[\"https:\\\/\\\/juliasanchezmusic.com\\\/acerca-de\\\/\"]}]},{\"@type\":\"ImageObject\",\"inLanguage\":\"en-US\",\"@id\":\"https:\\\/\\\/juliasanchezmusic.com\\\/acerca-de\\\/#primaryimage\",\"url\":\"https:\\\/\\\/juliasanchezmusic.com\\\/wp-content\\\/uploads\\\/2026\\\/01\\\/BIO-bg.webp\",\"contentUrl\":\"https:\\\/\\\/juliasanchezmusic.com\\\/wp-content\\\/uploads\\\/2026\\\/01\\\/BIO-bg.webp\",\"width\":2560,\"height\":1333},{\"@type\":\"BreadcrumbList\",\"@id\":\"https:\\\/\\\/juliasanchezmusic.com\\\/acerca-de\\\/#breadcrumb\",\"itemListElement\":[{\"@type\":\"ListItem\",\"position\":1,\"name\":\"Portada\",\"item\":\"https:\\\/\\\/juliasanchezmusic.com\\\/\"},{\"@type\":\"ListItem\",\"position\":2,\"name\":\"Julia Sanchez\"}]},{\"@type\":\"WebSite\",\"@id\":\"https:\\\/\\\/juliasanchezmusic.com\\\/#website\",\"url\":\"https:\\\/\\\/juliasanchezmusic.com\\\/\",\"name\":\"Julia Sanchez Music\",\"description\":\"Julia Sanchez - Condutor \\\/ Composer\",\"publisher\":{\"@id\":\"https:\\\/\\\/juliasanchezmusic.com\\\/#organization\"},\"potentialAction\":[{\"@type\":\"SearchAction\",\"target\":{\"@type\":\"EntryPoint\",\"urlTemplate\":\"https:\\\/\\\/juliasanchezmusic.com\\\/?s={search_term_string}\"},\"query-input\":{\"@type\":\"PropertyValueSpecification\",\"valueRequired\":true,\"valueName\":\"search_term_string\"}}],\"inLanguage\":\"en-US\"},{\"@type\":\"Organization\",\"@id\":\"https:\\\/\\\/juliasanchezmusic.com\\\/#organization\",\"name\":\"Julia Sanchez Music\",\"url\":\"https:\\\/\\\/juliasanchezmusic.com\\\/\",\"logo\":{\"@type\":\"ImageObject\",\"inLanguage\":\"en-US\",\"@id\":\"https:\\\/\\\/juliasanchezmusic.com\\\/#\\\/schema\\\/logo\\\/image\\\/\",\"url\":\"https:\\\/\\\/juliasanchezmusic.com\\\/wp-content\\\/uploads\\\/2025\\\/12\\\/cropped-Logo-letras-blancas.webp\",\"contentUrl\":\"https:\\\/\\\/juliasanchezmusic.com\\\/wp-content\\\/uploads\\\/2025\\\/12\\\/cropped-Logo-letras-blancas.webp\",\"width\":1023,\"height\":541,\"caption\":\"Julia Sanchez Music\"},\"image\":{\"@id\":\"https:\\\/\\\/juliasanchezmusic.com\\\/#\\\/schema\\\/logo\\\/image\\\/\"}}]}<\/script>\n<!-- \/ Yoast SEO plugin. -->","yoast_head_json":{"title":"Julia Sanchez - Julia Sanchez Music","robots":{"index":"index","follow":"follow","max-snippet":"max-snippet:-1","max-image-preview":"max-image-preview:large","max-video-preview":"max-video-preview:-1"},"canonical":"https:\/\/juliasanchezmusic.com\/en\/acerca-de\/","og_locale":"en_US","og_type":"article","og_title":"Julia Sanchez - Julia Sanchez Music","og_description":"Compositora y directora argentina radicada en Espa\u00f1a, cuya obra se sit\u00faa en el cruce entre la tradici\u00f3n sinf\u00f3nica y una sensibilidad cinematogr\u00e1fica contempor\u00e1nea. Lenguaje Musical Su lenguaje musical se caracteriza por una clara vocaci\u00f3n narrativa, una intensa carga emocional y un marcado lirismo mel\u00f3dico, explorando la tensi\u00f3n entre vulnerabilidad, coraje y fuerza dram\u00e1tica. Pr\u00e1ctica Art\u00edstica &hellip; Read more \"Julia Sanchez\"","og_url":"https:\/\/juliasanchezmusic.com\/en\/acerca-de\/","og_site_name":"Julia Sanchez Music","article_modified_time":"2026-01-10T14:13:40+00:00","og_image":[{"width":2560,"height":1333,"url":"https:\/\/juliasanchezmusic.com\/wp-content\/uploads\/2026\/01\/BIO-bg.webp","type":"image\/webp"}],"twitter_card":"summary_large_image","twitter_misc":{"Est. reading time":"5 minutes"},"schema":{"@context":"https:\/\/schema.org","@graph":[{"@type":"WebPage","@id":"https:\/\/juliasanchezmusic.com\/acerca-de\/","url":"https:\/\/juliasanchezmusic.com\/acerca-de\/","name":"Julia Sanchez - Julia Sanchez Music","isPartOf":{"@id":"https:\/\/juliasanchezmusic.com\/#website"},"primaryImageOfPage":{"@id":"https:\/\/juliasanchezmusic.com\/acerca-de\/#primaryimage"},"image":{"@id":"https:\/\/juliasanchezmusic.com\/acerca-de\/#primaryimage"},"thumbnailUrl":"https:\/\/juliasanchezmusic.com\/wp-content\/uploads\/2026\/01\/BIO-bg.webp","datePublished":"2025-12-28T19:49:27+00:00","dateModified":"2026-01-10T14:13:40+00:00","breadcrumb":{"@id":"https:\/\/juliasanchezmusic.com\/acerca-de\/#breadcrumb"},"inLanguage":"en-US","potentialAction":[{"@type":"ReadAction","target":["https:\/\/juliasanchezmusic.com\/acerca-de\/"]}]},{"@type":"ImageObject","inLanguage":"en-US","@id":"https:\/\/juliasanchezmusic.com\/acerca-de\/#primaryimage","url":"https:\/\/juliasanchezmusic.com\/wp-content\/uploads\/2026\/01\/BIO-bg.webp","contentUrl":"https:\/\/juliasanchezmusic.com\/wp-content\/uploads\/2026\/01\/BIO-bg.webp","width":2560,"height":1333},{"@type":"BreadcrumbList","@id":"https:\/\/juliasanchezmusic.com\/acerca-de\/#breadcrumb","itemListElement":[{"@type":"ListItem","position":1,"name":"Portada","item":"https:\/\/juliasanchezmusic.com\/"},{"@type":"ListItem","position":2,"name":"Julia Sanchez"}]},{"@type":"WebSite","@id":"https:\/\/juliasanchezmusic.com\/#website","url":"https:\/\/juliasanchezmusic.com\/","name":"Julia Sanchez Music","description":"Julia Sanchez - Condutor \/ Composer","publisher":{"@id":"https:\/\/juliasanchezmusic.com\/#organization"},"potentialAction":[{"@type":"SearchAction","target":{"@type":"EntryPoint","urlTemplate":"https:\/\/juliasanchezmusic.com\/?s={search_term_string}"},"query-input":{"@type":"PropertyValueSpecification","valueRequired":true,"valueName":"search_term_string"}}],"inLanguage":"en-US"},{"@type":"Organization","@id":"https:\/\/juliasanchezmusic.com\/#organization","name":"Julia Sanchez Music","url":"https:\/\/juliasanchezmusic.com\/","logo":{"@type":"ImageObject","inLanguage":"en-US","@id":"https:\/\/juliasanchezmusic.com\/#\/schema\/logo\/image\/","url":"https:\/\/juliasanchezmusic.com\/wp-content\/uploads\/2025\/12\/cropped-Logo-letras-blancas.webp","contentUrl":"https:\/\/juliasanchezmusic.com\/wp-content\/uploads\/2025\/12\/cropped-Logo-letras-blancas.webp","width":1023,"height":541,"caption":"Julia Sanchez Music"},"image":{"@id":"https:\/\/juliasanchezmusic.com\/#\/schema\/logo\/image\/"}}]}},"featured_media_urls":{"thumbnail":["https:\/\/juliasanchezmusic.com\/wp-content\/uploads\/2026\/01\/BIO-bg-150x150.webp",150,150,true],"medium":["https:\/\/juliasanchezmusic.com\/wp-content\/uploads\/2026\/01\/BIO-bg-300x156.webp",300,156,true],"medium_large":["https:\/\/juliasanchezmusic.com\/wp-content\/uploads\/2026\/01\/BIO-bg.webp",768,400,false],"large":["https:\/\/juliasanchezmusic.com\/wp-content\/uploads\/2026\/01\/BIO-bg-1024x533.webp",950,494,true],"1536x1536":["https:\/\/juliasanchezmusic.com\/wp-content\/uploads\/2026\/01\/BIO-bg-1536x800.webp",1536,800,true],"2048x2048":["https:\/\/juliasanchezmusic.com\/wp-content\/uploads\/2026\/01\/BIO-bg-2048x1066.webp",2048,1066,true],"trp-custom-language-flag":["https:\/\/juliasanchezmusic.com\/wp-content\/uploads\/2026\/01\/BIO-bg-18x9.webp",18,9,true],"inspiro-featured-image":["https:\/\/juliasanchezmusic.com\/wp-content\/uploads\/2026\/01\/BIO-bg-2000x1041.webp",2000,1041,true],"inspiro-loop":["https:\/\/juliasanchezmusic.com\/wp-content\/uploads\/2026\/01\/BIO-bg-950x320.webp",950,320,true],"inspiro-loop@2x":["https:\/\/juliasanchezmusic.com\/wp-content\/uploads\/2026\/01\/BIO-bg-1900x640.webp",1900,640,true],"portfolio_item-thumbnail":["https:\/\/juliasanchezmusic.com\/wp-content\/uploads\/2026\/01\/BIO-bg-600x400.webp",600,400,true],"portfolio_item-thumbnail@2x":["https:\/\/juliasanchezmusic.com\/wp-content\/uploads\/2026\/01\/BIO-bg-1200x800.webp",1200,800,true],"portfolio_item-masonry":["https:\/\/juliasanchezmusic.com\/wp-content\/uploads\/2026\/01\/BIO-bg-600x312.webp",600,312,true],"portfolio_item-masonry@2x":["https:\/\/juliasanchezmusic.com\/wp-content\/uploads\/2026\/01\/BIO-bg-1200x625.webp",1200,625,true],"portfolio_item-thumbnail_cinema":["https:\/\/juliasanchezmusic.com\/wp-content\/uploads\/2026\/01\/BIO-bg-800x335.webp",800,335,true],"portfolio_item-thumbnail_portrait":["https:\/\/juliasanchezmusic.com\/wp-content\/uploads\/2026\/01\/BIO-bg-600x900.webp",600,900,true],"portfolio_item-thumbnail_portrait@2x":["https:\/\/juliasanchezmusic.com\/wp-content\/uploads\/2026\/01\/BIO-bg-1200x1333.webp",1200,1333,true],"portfolio_item-thumbnail_square":["https:\/\/juliasanchezmusic.com\/wp-content\/uploads\/2026\/01\/BIO-bg-800x800.webp",800,800,true]},"_links":{"self":[{"href":"https:\/\/juliasanchezmusic.com\/en\/wp-json\/wp\/v2\/pages\/12","targetHints":{"allow":["GET"]}}],"collection":[{"href":"https:\/\/juliasanchezmusic.com\/en\/wp-json\/wp\/v2\/pages"}],"about":[{"href":"https:\/\/juliasanchezmusic.com\/en\/wp-json\/wp\/v2\/types\/page"}],"author":[{"embeddable":true,"href":"https:\/\/juliasanchezmusic.com\/en\/wp-json\/wp\/v2\/users\/1"}],"replies":[{"embeddable":true,"href":"https:\/\/juliasanchezmusic.com\/en\/wp-json\/wp\/v2\/comments?post=12"}],"version-history":[{"count":33,"href":"https:\/\/juliasanchezmusic.com\/en\/wp-json\/wp\/v2\/pages\/12\/revisions"}],"predecessor-version":[{"id":672,"href":"https:\/\/juliasanchezmusic.com\/en\/wp-json\/wp\/v2\/pages\/12\/revisions\/672"}],"wp:featuredmedia":[{"embeddable":true,"href":"https:\/\/juliasanchezmusic.com\/en\/wp-json\/wp\/v2\/media\/163"}],"wp:attachment":[{"href":"https:\/\/juliasanchezmusic.com\/en\/wp-json\/wp\/v2\/media?parent=12"}],"curies":[{"name":"wp","href":"https:\/\/api.w.org\/{rel}","templated":true}]}}