{"id":13,"date":"2025-12-28T19:49:27","date_gmt":"2025-12-28T19:49:27","guid":{"rendered":"https:\/\/juliasanchezmusic.com\/?page_id=13"},"modified":"2026-01-10T14:07:08","modified_gmt":"2026-01-10T14:07:08","slug":"contacto","status":"publish","type":"page","link":"https:\/\/juliasanchezmusic.com\/en\/contacto\/","title":{"rendered":"Contact me"},"content":{"rendered":"<div style=\"height:156px\" aria-hidden=\"true\" class=\"wp-block-spacer\"><\/div>\n\n\n\n<div class=\"wp-block-group has-global-padding is-layout-constrained wp-block-group-is-layout-constrained\">\n<div class=\"wp-block-columns are-vertically-aligned-top is-layout-flex wp-container-core-columns-is-layout-d7d455e7 wp-block-columns-is-layout-flex\" style=\"padding-top:0;padding-right:0;padding-bottom:0;padding-left:0\">\n<div class=\"wp-block-column is-vertically-aligned-top is-layout-flow wp-block-column-is-layout-flow\" style=\"padding-right:7%;flex-basis:50%\">\n<p class=\"has-text-color\" style=\"color:#0bb4aa\">Let\u2019s Connect!<\/p>\n\n\n\n<h2 class=\"wp-block-heading has-large-font-size\">Ready to start your next project? I\u2019d love to hear from you!<\/h2>\n\n\n\n<p>If you have a question, booking request, or collaboration idea, fill out the form below or send me an email at info@juliasanchezmusic.com \u2014 I\u2019ll get back to you as soon as I can.<br><\/p>\n<\/div>\n\n\n\n<div class=\"wp-block-column is-vertically-aligned-top is-layout-flow wp-block-column-is-layout-flow\" style=\"flex-basis:50%\"><style>#wpzf-636 + .notice { margin-top: 20px; padding: 15px; border-radius: 4px; }#wpzf-636 + .notice.success { background-color: #e7f7ed; color: #227045; border-left: 4px solid #46b450; }#wpzf-636 + .notice.error { background-color: #fde8e8; color: #8a1f11; border-left: 4px solid #cc0000; }#wpzf-636 + .notice p { margin: 0; }#wpzf-636-notice { scroll-margin-top: 24px; }<\/style><!-- ZOOM Forms Start -->\n\t\t\t<form id=\"wpzf-636\" method=\"post\" action=\"https:\/\/juliasanchezmusic.com\/wp-admin\/admin-post.php\" class=\"wpzoom-forms_form\">\n\t\t\t<input type=\"hidden\" name=\"action\" value=\"wpzf_submit\" \/>\n\t\t\t<input type=\"hidden\" name=\"form_id\" value=\"636\" \/>\n\t\t\t<input type=\"hidden\" id=\"_wpnonce\" name=\"_wpnonce\" value=\"8c990fec02\" \/><input type=\"hidden\" name=\"_wp_http_referer\" value=\"\/en\/wp-json\/wp\/v2\/pages\/13\" \/>\n\t\t\t\n<div class=\"wp-block-wpzoom-forms-form\">\n<label for=\"input_ae87379b\"><span>Name<\/span><sup class=\"wp-block-wpzoom-forms-required\">*<\/sup><\/label><input type=\"text\" name=\"wpzf_input_ae87379b\" id=\"input_ae87379b\" placeholder=\"\" required class=\"wp-block-wpzoom-forms-text-name-field\"\/>\n\n\n\n<label for=\"input_8468ae36\"><span>Email<\/span><sup class=\"wp-block-wpzoom-forms-required\">*<\/sup><\/label><input type=\"email\" name=\"wpzf_input_8468ae36\" id=\"input_8468ae36\" placeholder=\"\" required data-replyto=\"false\" class=\"wp-block-wpzoom-forms-text-email-field\"\/>\n\n\n\n<label for=\"input_85d61063\"><span>Subject<\/span><sup class=\"wp-block-wpzoom-forms-required\">*<\/sup><\/label><input type=\"text\" name=\"wpzf_input_85d61063\" id=\"input_85d61063\" placeholder=\"\" required data-subject=\"true\" class=\"wp-block-wpzoom-forms-text-plain-field\"\/>\n\n\n\n<label for=\"input_9d8d7aa6\"><span>Message<\/span><\/label><textarea name=\"wpzf_input_9d8d7aa6\" id=\"input_9d8d7aa6\" cols=\"55\" rows=\"10\" placeholder=\"\" class=\"wp-block-wpzoom-forms-textarea-field\"><\/textarea>\n\n\n\n<div class=\"wp-block-columns are-vertically-aligned-center is-layout-flex wp-container-core-columns-is-layout-28f84493 wp-block-columns-is-layout-flex\">\n<div class=\"wp-block-column is-vertically-aligned-center is-layout-flow wp-block-column-is-layout-flow\" style=\"flex-basis:30%\">\n<input type=\"submit\" id=\"input_submit\" value=\"Send\" class=\"wp-block-wpzoom-forms-submit-field\"\/>\n<\/div>\n\n\n\n<div class=\"wp-block-column is-vertically-aligned-center is-layout-flow wp-block-column-is-layout-flow\" style=\"flex-basis:70%\">\n<p class=\"has-text-align-right\" style=\"font-size:clamp(14px, 0.875rem + ((1vw - 3.2px) * 0.177), 16px);px\">The fields marked with <strong class=\"has-accent-color has-text-color\">*<\/strong> are mandatory.<\/p>\n<\/div>\n<\/div>\n<\/div>\n\n\t\t\t<input type=\"hidden\" name=\"wpzf_subject\" value=\"wpzf_input_85d61063\" \/><\/form>\n\t\t\t\n\t\t\t<!-- ZOOM Forms End --><\/div>\n<\/div>\n\n\n\n<div style=\"height:135px\" aria-hidden=\"true\" class=\"wp-block-spacer\"><\/div>\n<\/div>","protected":false},"excerpt":{"rendered":"<p>\u00a1Conectemos! \u00bfListo para comenzar tu pr\u00f3ximo proyecto? \u00a1Me encantar\u00eda saber de ti! Si tienes alguna pregunta, solicitud de contrataci\u00f3n o idea de colaboraci\u00f3n, completa el formulario a continuaci\u00f3n o env\u00edame un correo a info@juliasanchezmusic.com \u2014 te responder\u00e9 lo antes posible. Inspiro Address 1500 Broadway, New York, NY 10036, United States Email office@example.com Phone 509-394-2555 WHERE &hellip; <\/p>\n<p class=\"link-more\"><a href=\"https:\/\/juliasanchezmusic.com\/en\/contacto\/\" class=\"more-link\">Read more<span class=\"screen-reader-text\"> \u00abContacto\u00bb<\/span><\/a><\/p>","protected":false},"author":1,"featured_media":201,"parent":0,"menu_order":0,"comment_status":"closed","ping_status":"closed","template":"","meta":{"inspiro_hide_title":false,"footnotes":""},"class_list":["post-13","page","type-page","status-publish","has-post-thumbnail","hentry"],"yoast_head":"<!-- This site is optimized with the Yoast SEO plugin v27.4 - https:\/\/yoast.com\/product\/yoast-seo-wordpress\/ -->\n<title>Contacto - Julia Sanchez Music<\/title>\n<meta name=\"robots\" content=\"index, follow, max-snippet:-1, max-image-preview:large, max-video-preview:-1\" \/>\n<link rel=\"canonical\" href=\"https:\/\/juliasanchezmusic.com\/en\/contacto\/\" \/>\n<meta property=\"og:locale\" content=\"en_US\" \/>\n<meta property=\"og:type\" content=\"article\" \/>\n<meta property=\"og:title\" content=\"Contacto - Julia Sanchez Music\" \/>\n<meta property=\"og:description\" content=\"\u00a1Conectemos! \u00bfListo para comenzar tu pr\u00f3ximo proyecto? \u00a1Me encantar\u00eda saber de ti! Si tienes alguna pregunta, solicitud de contrataci\u00f3n o idea de colaboraci\u00f3n, completa el formulario a continuaci\u00f3n o env\u00edame un correo a info@juliasanchezmusic.com \u2014 te responder\u00e9 lo antes posible. Inspiro Address 1500 Broadway, New York, NY 10036, United States Email office@example.com Phone 509-394-2555 WHERE &hellip; Read more &quot;Contacto&quot;\" \/>\n<meta property=\"og:url\" content=\"https:\/\/juliasanchezmusic.com\/en\/contacto\/\" \/>\n<meta property=\"og:site_name\" content=\"Julia Sanchez Music\" \/>\n<meta property=\"article:modified_time\" content=\"2026-01-10T14:07:08+00:00\" \/>\n<meta name=\"twitter:card\" content=\"summary_large_image\" \/>\n<meta name=\"twitter:label1\" content=\"Est. reading time\" \/>\n\t<meta name=\"twitter:data1\" content=\"2 minutes\" \/>\n<script type=\"application\/ld+json\" class=\"yoast-schema-graph\">{\"@context\":\"https:\\\/\\\/schema.org\",\"@graph\":[{\"@type\":\"WebPage\",\"@id\":\"https:\\\/\\\/juliasanchezmusic.com\\\/contacto\\\/\",\"url\":\"https:\\\/\\\/juliasanchezmusic.com\\\/contacto\\\/\",\"name\":\"Contacto - Julia Sanchez Music\",\"isPartOf\":{\"@id\":\"https:\\\/\\\/juliasanchezmusic.com\\\/#website\"},\"primaryImageOfPage\":{\"@id\":\"https:\\\/\\\/juliasanchezmusic.com\\\/contacto\\\/#primaryimage\"},\"image\":{\"@id\":\"https:\\\/\\\/juliasanchezmusic.com\\\/contacto\\\/#primaryimage\"},\"thumbnailUrl\":\"https:\\\/\\\/juliasanchezmusic.com\\\/wp-content\\\/uploads\\\/2026\\\/01\\\/40585869_10156640880889596_4712234290908233728_n-copy.avif\",\"datePublished\":\"2025-12-28T19:49:27+00:00\",\"dateModified\":\"2026-01-10T14:07:08+00:00\",\"breadcrumb\":{\"@id\":\"https:\\\/\\\/juliasanchezmusic.com\\\/contacto\\\/#breadcrumb\"},\"inLanguage\":\"en-US\",\"potentialAction\":[{\"@type\":\"ReadAction\",\"target\":[\"https:\\\/\\\/juliasanchezmusic.com\\\/contacto\\\/\"]}]},{\"@type\":\"ImageObject\",\"inLanguage\":\"en-US\",\"@id\":\"https:\\\/\\\/juliasanchezmusic.com\\\/contacto\\\/#primaryimage\",\"url\":\"https:\\\/\\\/juliasanchezmusic.com\\\/wp-content\\\/uploads\\\/2026\\\/01\\\/40585869_10156640880889596_4712234290908233728_n-copy.avif\",\"contentUrl\":\"https:\\\/\\\/juliasanchezmusic.com\\\/wp-content\\\/uploads\\\/2026\\\/01\\\/40585869_10156640880889596_4712234290908233728_n-copy.avif\",\"width\":1824,\"height\":778},{\"@type\":\"BreadcrumbList\",\"@id\":\"https:\\\/\\\/juliasanchezmusic.com\\\/contacto\\\/#breadcrumb\",\"itemListElement\":[{\"@type\":\"ListItem\",\"position\":1,\"name\":\"Portada\",\"item\":\"https:\\\/\\\/juliasanchezmusic.com\\\/\"},{\"@type\":\"ListItem\",\"position\":2,\"name\":\"Contacto\"}]},{\"@type\":\"WebSite\",\"@id\":\"https:\\\/\\\/juliasanchezmusic.com\\\/#website\",\"url\":\"https:\\\/\\\/juliasanchezmusic.com\\\/\",\"name\":\"Julia Sanchez Music\",\"description\":\"Julia Sanchez - Condutor \\\/ Composer\",\"publisher\":{\"@id\":\"https:\\\/\\\/juliasanchezmusic.com\\\/#organization\"},\"potentialAction\":[{\"@type\":\"SearchAction\",\"target\":{\"@type\":\"EntryPoint\",\"urlTemplate\":\"https:\\\/\\\/juliasanchezmusic.com\\\/?s={search_term_string}\"},\"query-input\":{\"@type\":\"PropertyValueSpecification\",\"valueRequired\":true,\"valueName\":\"search_term_string\"}}],\"inLanguage\":\"en-US\"},{\"@type\":\"Organization\",\"@id\":\"https:\\\/\\\/juliasanchezmusic.com\\\/#organization\",\"name\":\"Julia Sanchez Music\",\"url\":\"https:\\\/\\\/juliasanchezmusic.com\\\/\",\"logo\":{\"@type\":\"ImageObject\",\"inLanguage\":\"en-US\",\"@id\":\"https:\\\/\\\/juliasanchezmusic.com\\\/#\\\/schema\\\/logo\\\/image\\\/\",\"url\":\"https:\\\/\\\/juliasanchezmusic.com\\\/wp-content\\\/uploads\\\/2025\\\/12\\\/cropped-Logo-letras-blancas.webp\",\"contentUrl\":\"https:\\\/\\\/juliasanchezmusic.com\\\/wp-content\\\/uploads\\\/2025\\\/12\\\/cropped-Logo-letras-blancas.webp\",\"width\":1023,\"height\":541,\"caption\":\"Julia Sanchez Music\"},\"image\":{\"@id\":\"https:\\\/\\\/juliasanchezmusic.com\\\/#\\\/schema\\\/logo\\\/image\\\/\"}}]}<\/script>\n<!-- \/ Yoast SEO plugin. -->","yoast_head_json":{"title":"Contacto - Julia Sanchez Music","robots":{"index":"index","follow":"follow","max-snippet":"max-snippet:-1","max-image-preview":"max-image-preview:large","max-video-preview":"max-video-preview:-1"},"canonical":"https:\/\/juliasanchezmusic.com\/en\/contacto\/","og_locale":"en_US","og_type":"article","og_title":"Contacto - Julia Sanchez Music","og_description":"\u00a1Conectemos! \u00bfListo para comenzar tu pr\u00f3ximo proyecto? \u00a1Me encantar\u00eda saber de ti! Si tienes alguna pregunta, solicitud de contrataci\u00f3n o idea de colaboraci\u00f3n, completa el formulario a continuaci\u00f3n o env\u00edame un correo a info@juliasanchezmusic.com \u2014 te responder\u00e9 lo antes posible. Inspiro Address 1500 Broadway, New York, NY 10036, United States Email office@example.com Phone 509-394-2555 WHERE &hellip; Read more \"Contacto\"","og_url":"https:\/\/juliasanchezmusic.com\/en\/contacto\/","og_site_name":"Julia Sanchez Music","article_modified_time":"2026-01-10T14:07:08+00:00","twitter_card":"summary_large_image","twitter_misc":{"Est. reading time":"2 minutes"},"schema":{"@context":"https:\/\/schema.org","@graph":[{"@type":"WebPage","@id":"https:\/\/juliasanchezmusic.com\/contacto\/","url":"https:\/\/juliasanchezmusic.com\/contacto\/","name":"Contacto - Julia Sanchez Music","isPartOf":{"@id":"https:\/\/juliasanchezmusic.com\/#website"},"primaryImageOfPage":{"@id":"https:\/\/juliasanchezmusic.com\/contacto\/#primaryimage"},"image":{"@id":"https:\/\/juliasanchezmusic.com\/contacto\/#primaryimage"},"thumbnailUrl":"https:\/\/juliasanchezmusic.com\/wp-content\/uploads\/2026\/01\/40585869_10156640880889596_4712234290908233728_n-copy.avif","datePublished":"2025-12-28T19:49:27+00:00","dateModified":"2026-01-10T14:07:08+00:00","breadcrumb":{"@id":"https:\/\/juliasanchezmusic.com\/contacto\/#breadcrumb"},"inLanguage":"en-US","potentialAction":[{"@type":"ReadAction","target":["https:\/\/juliasanchezmusic.com\/contacto\/"]}]},{"@type":"ImageObject","inLanguage":"en-US","@id":"https:\/\/juliasanchezmusic.com\/contacto\/#primaryimage","url":"https:\/\/juliasanchezmusic.com\/wp-content\/uploads\/2026\/01\/40585869_10156640880889596_4712234290908233728_n-copy.avif","contentUrl":"https:\/\/juliasanchezmusic.com\/wp-content\/uploads\/2026\/01\/40585869_10156640880889596_4712234290908233728_n-copy.avif","width":1824,"height":778},{"@type":"BreadcrumbList","@id":"https:\/\/juliasanchezmusic.com\/contacto\/#breadcrumb","itemListElement":[{"@type":"ListItem","position":1,"name":"Portada","item":"https:\/\/juliasanchezmusic.com\/"},{"@type":"ListItem","position":2,"name":"Contacto"}]},{"@type":"WebSite","@id":"https:\/\/juliasanchezmusic.com\/#website","url":"https:\/\/juliasanchezmusic.com\/","name":"Julia Sanchez Music","description":"Julia Sanchez - Condutor \/ Composer","publisher":{"@id":"https:\/\/juliasanchezmusic.com\/#organization"},"potentialAction":[{"@type":"SearchAction","target":{"@type":"EntryPoint","urlTemplate":"https:\/\/juliasanchezmusic.com\/?s={search_term_string}"},"query-input":{"@type":"PropertyValueSpecification","valueRequired":true,"valueName":"search_term_string"}}],"inLanguage":"en-US"},{"@type":"Organization","@id":"https:\/\/juliasanchezmusic.com\/#organization","name":"Julia Sanchez Music","url":"https:\/\/juliasanchezmusic.com\/","logo":{"@type":"ImageObject","inLanguage":"en-US","@id":"https:\/\/juliasanchezmusic.com\/#\/schema\/logo\/image\/","url":"https:\/\/juliasanchezmusic.com\/wp-content\/uploads\/2025\/12\/cropped-Logo-letras-blancas.webp","contentUrl":"https:\/\/juliasanchezmusic.com\/wp-content\/uploads\/2025\/12\/cropped-Logo-letras-blancas.webp","width":1023,"height":541,"caption":"Julia Sanchez Music"},"image":{"@id":"https:\/\/juliasanchezmusic.com\/#\/schema\/logo\/image\/"}}]}},"featured_media_urls":{"thumbnail":["https:\/\/juliasanchezmusic.com\/wp-content\/uploads\/2026\/01\/40585869_10156640880889596_4712234290908233728_n-copy-150x150.avif",150,150,true],"medium":["https:\/\/juliasanchezmusic.com\/wp-content\/uploads\/2026\/01\/40585869_10156640880889596_4712234290908233728_n-copy-300x128.avif",300,128,true],"medium_large":["https:\/\/juliasanchezmusic.com\/wp-content\/uploads\/2026\/01\/40585869_10156640880889596_4712234290908233728_n-copy.avif",768,328,false],"large":["https:\/\/juliasanchezmusic.com\/wp-content\/uploads\/2026\/01\/40585869_10156640880889596_4712234290908233728_n-copy-1024x437.avif",950,405,true],"1536x1536":["https:\/\/juliasanchezmusic.com\/wp-content\/uploads\/2026\/01\/40585869_10156640880889596_4712234290908233728_n-copy-1536x655.avif",1536,655,true],"2048x2048":["https:\/\/juliasanchezmusic.com\/wp-content\/uploads\/2026\/01\/40585869_10156640880889596_4712234290908233728_n-copy.avif",1824,778,false],"trp-custom-language-flag":["https:\/\/juliasanchezmusic.com\/wp-content\/uploads\/2026\/01\/40585869_10156640880889596_4712234290908233728_n-copy-18x8.avif",18,8,true],"inspiro-featured-image":["https:\/\/juliasanchezmusic.com\/wp-content\/uploads\/2026\/01\/40585869_10156640880889596_4712234290908233728_n-copy.avif",1824,778,false],"inspiro-loop":["https:\/\/juliasanchezmusic.com\/wp-content\/uploads\/2026\/01\/40585869_10156640880889596_4712234290908233728_n-copy-950x320.avif",950,320,true],"inspiro-loop@2x":["https:\/\/juliasanchezmusic.com\/wp-content\/uploads\/2026\/01\/40585869_10156640880889596_4712234290908233728_n-copy-1824x640.avif",1824,640,true],"portfolio_item-thumbnail":["https:\/\/juliasanchezmusic.com\/wp-content\/uploads\/2026\/01\/40585869_10156640880889596_4712234290908233728_n-copy-600x400.avif",600,400,true],"portfolio_item-thumbnail@2x":["https:\/\/juliasanchezmusic.com\/wp-content\/uploads\/2026\/01\/40585869_10156640880889596_4712234290908233728_n-copy-1200x778.avif",1200,778,true],"portfolio_item-masonry":["https:\/\/juliasanchezmusic.com\/wp-content\/uploads\/2026\/01\/40585869_10156640880889596_4712234290908233728_n-copy-600x256.avif",600,256,true],"portfolio_item-masonry@2x":["https:\/\/juliasanchezmusic.com\/wp-content\/uploads\/2026\/01\/40585869_10156640880889596_4712234290908233728_n-copy-1200x512.avif",1200,512,true],"portfolio_item-thumbnail_cinema":["https:\/\/juliasanchezmusic.com\/wp-content\/uploads\/2026\/01\/40585869_10156640880889596_4712234290908233728_n-copy-800x335.avif",800,335,true],"portfolio_item-thumbnail_portrait":["https:\/\/juliasanchezmusic.com\/wp-content\/uploads\/2026\/01\/40585869_10156640880889596_4712234290908233728_n-copy-600x778.avif",600,778,true],"portfolio_item-thumbnail_portrait@2x":["https:\/\/juliasanchezmusic.com\/wp-content\/uploads\/2026\/01\/40585869_10156640880889596_4712234290908233728_n-copy-1200x778.avif",1200,778,true],"portfolio_item-thumbnail_square":["https:\/\/juliasanchezmusic.com\/wp-content\/uploads\/2026\/01\/40585869_10156640880889596_4712234290908233728_n-copy-800x778.avif",800,778,true]},"_links":{"self":[{"href":"https:\/\/juliasanchezmusic.com\/en\/wp-json\/wp\/v2\/pages\/13","targetHints":{"allow":["GET"]}}],"collection":[{"href":"https:\/\/juliasanchezmusic.com\/en\/wp-json\/wp\/v2\/pages"}],"about":[{"href":"https:\/\/juliasanchezmusic.com\/en\/wp-json\/wp\/v2\/types\/page"}],"author":[{"embeddable":true,"href":"https:\/\/juliasanchezmusic.com\/en\/wp-json\/wp\/v2\/users\/1"}],"replies":[{"embeddable":true,"href":"https:\/\/juliasanchezmusic.com\/en\/wp-json\/wp\/v2\/comments?post=13"}],"version-history":[{"count":4,"href":"https:\/\/juliasanchezmusic.com\/en\/wp-json\/wp\/v2\/pages\/13\/revisions"}],"predecessor-version":[{"id":648,"href":"https:\/\/juliasanchezmusic.com\/en\/wp-json\/wp\/v2\/pages\/13\/revisions\/648"}],"wp:featuredmedia":[{"embeddable":true,"href":"https:\/\/juliasanchezmusic.com\/en\/wp-json\/wp\/v2\/media\/201"}],"wp:attachment":[{"href":"https:\/\/juliasanchezmusic.com\/en\/wp-json\/wp\/v2\/media?parent=13"}],"curies":[{"name":"wp","href":"https:\/\/api.w.org\/{rel}","templated":true}]}}