{"id":262,"date":"2026-01-06T00:44:33","date_gmt":"2026-01-06T00:44:33","guid":{"rendered":"https:\/\/juliasanchezmusic.com\/?page_id=262"},"modified":"2026-01-10T14:24:11","modified_gmt":"2026-01-10T14:24:11","slug":"musica","status":"publish","type":"page","link":"https:\/\/juliasanchezmusic.com\/en\/musica\/","title":{"rendered":"Music"},"content":{"rendered":"<div class=\"gb-element-d5ae998c\">\n<p class=\"gb-text gb-text-44842d26\">Original works that explore the relationship between musical writing, sound dramaturgy, and listening. Compositions for acoustic, electronic, and hybrid media, conceived from an authorial and narrative perspective.<\/p>\n\n\n\n<div class=\"gb-element-f3b14209\">\n<div class=\"gb-element-01af7753\">\n<span class=\"gb-shape gb-shape-88e40bb7 gb-shape--divider\"><svg xmlns=\"http:\/\/www.w3.org\/2000\/svg\" viewbox=\"0 0 1200 194.3\" preserveaspectratio=\"none\"><path d=\"M1200 133.3l-50 8.9c-50 8.6-150 26.9-250 31.1-100 4.2-200-4.2-300-26.7S400 89.2 300 62.2C200 35.8 100 17.5 50 8.9L0 0v194.3h1200v-61z\"><\/path><\/svg><\/span>\n\n\n\n<div class=\"gb-element-a26de9d0\">\n<div class=\"wp-block-cover mh-380\" style=\"border-top-left-radius:12px;border-top-right-radius:12px;border-bottom-left-radius:12px;border-bottom-right-radius:12px;min-height:380px;aspect-ratio:unset;\"><img loading=\"lazy\" decoding=\"async\" width=\"1000\" height=\"1000\" class=\"wp-block-cover__image-background wp-image-416 size-full\" alt=\"\" src=\"https:\/\/juliasanchezmusic.com\/wp-content\/uploads\/2026\/01\/Aire-a-Bailecito-Tapa-de-Sencillo.avif\" data-object-fit=\"cover\" srcset=\"https:\/\/juliasanchezmusic.com\/wp-content\/uploads\/2026\/01\/Aire-a-Bailecito-Tapa-de-Sencillo.avif 1000w, https:\/\/juliasanchezmusic.com\/wp-content\/uploads\/2026\/01\/Aire-a-Bailecito-Tapa-de-Sencillo-300x300.avif 300w, https:\/\/juliasanchezmusic.com\/wp-content\/uploads\/2026\/01\/Aire-a-Bailecito-Tapa-de-Sencillo-150x150.avif 150w, https:\/\/juliasanchezmusic.com\/wp-content\/uploads\/2026\/01\/Aire-a-Bailecito-Tapa-de-Sencillo-12x12.avif 12w, https:\/\/juliasanchezmusic.com\/wp-content\/uploads\/2026\/01\/Aire-a-Bailecito-Tapa-de-Sencillo-600x600.avif 600w, https:\/\/juliasanchezmusic.com\/wp-content\/uploads\/2026\/01\/Aire-a-Bailecito-Tapa-de-Sencillo-800x800.avif 800w\" sizes=\"auto, (max-width: 1000px) 100vw, 1000px\" \/><span aria-hidden=\"true\" class=\"wp-block-cover__background has-background-dim\" style=\"background-color:#523f37\"><\/span><div class=\"wp-block-cover__inner-container has-global-padding is-layout-constrained wp-block-cover-is-layout-constrained\">\n<p class=\"has-text-align-center song-title has-x-large-font-size\"><strong>Aire a Bailecito<\/strong><\/p>\n<\/div><\/div>\n<\/div>\n\n\n\n<div>\n<h2 class=\"gb-text gb-text-a3c832a9 mb-0\">Tech Spec:<\/h2>\n\n\n\n<p class=\"gb-text zi-10 fichatecnica\"><strong>Release: <\/strong>Nov, 2025.<br><strong>Instruments: <\/strong>SAB Saxophone Trio<br><strong>Recording:<\/strong> World premiere, Jul 2015<br><strong>Venue:<\/strong> The Nordic Saxophone Festival 2015, Camerata Hall, Musiikitalo \u2013 Helsinki Music Centre (Finland)<br><strong>Performers:<\/strong> S \u2014 Anders Abelseth\nA \u2014 Dan Milverton\nB \u2014 Kai Ruskeep\u00e4\u00e4<br><strong>Genre:<\/strong> Classical. <br><strong>Subgenres:<\/strong> Experimental, Contemporary Classical<br><strong>Mixing &amp; Mastering: <\/strong>Jorge Gim\u00e9nez.<br><\/p>\n<\/div>\n\n\n\n<div>\n<figure class=\"wp-block-embed is-type-rich is-provider-spotify wp-block-embed-spotify wp-embed-aspect-21-9 wp-has-aspect-ratio\"><div class=\"wp-block-embed__wrapper\">\n<iframe title=\"Spotify Embed: Aire a Bailecito\" style=\"border-radius: 12px\" width=\"100%\" height=\"152\" frameborder=\"0\" allowfullscreen allow=\"autoplay; clipboard-write; encrypted-media; fullscreen; picture-in-picture\" loading=\"lazy\" src=\"https:\/\/open.spotify.com\/embed\/track\/60xFGaZA0xQ3NtOzLHm3vd?si=6tp3g6UkSLCB1kq3T9q2CA&amp;utm_source=oembed\"><\/iframe>\n<\/div><\/figure>\n<\/div>\n<\/div>\n<\/div>\n\n\n\n<div class=\"gb-element-9b12a0a9\">\n<div class=\"gb-element-d8f92f8e\">\n<span class=\"gb-shape gb-shape-0847fa41 gb-shape--divider\"><svg xmlns=\"http:\/\/www.w3.org\/2000\/svg\" viewbox=\"0 0 1200 194.3\" preserveaspectratio=\"none\"><path d=\"M1200 133.3l-50 8.9c-50 8.6-150 26.9-250 31.1-100 4.2-200-4.2-300-26.7S400 89.2 300 62.2C200 35.8 100 17.5 50 8.9L0 0v194.3h1200v-61z\"><\/path><\/svg><\/span>\n\n\n\n<div class=\"gb-element-2166bee7\">\n<div class=\"wp-block-cover mh-380\" style=\"border-top-left-radius:12px;border-top-right-radius:12px;border-bottom-left-radius:12px;border-bottom-right-radius:12px;min-height:380px;aspect-ratio:unset;\"><img loading=\"lazy\" decoding=\"async\" width=\"1000\" height=\"1000\" class=\"wp-block-cover__image-background wp-image-216 size-full\" alt=\"\" src=\"https:\/\/juliasanchezmusic.com\/wp-content\/uploads\/2026\/01\/Seeming-Chrysalis.avif\" data-object-fit=\"cover\" srcset=\"https:\/\/juliasanchezmusic.com\/wp-content\/uploads\/2026\/01\/Seeming-Chrysalis.avif 1000w, https:\/\/juliasanchezmusic.com\/wp-content\/uploads\/2026\/01\/Seeming-Chrysalis-300x300.avif 300w, https:\/\/juliasanchezmusic.com\/wp-content\/uploads\/2026\/01\/Seeming-Chrysalis-150x150.avif 150w, https:\/\/juliasanchezmusic.com\/wp-content\/uploads\/2026\/01\/Seeming-Chrysalis-12x12.avif 12w, https:\/\/juliasanchezmusic.com\/wp-content\/uploads\/2026\/01\/Seeming-Chrysalis-600x600.avif 600w, https:\/\/juliasanchezmusic.com\/wp-content\/uploads\/2026\/01\/Seeming-Chrysalis-800x800.avif 800w\" sizes=\"auto, (max-width: 1000px) 100vw, 1000px\" \/><span aria-hidden=\"true\" class=\"wp-block-cover__background has-background-dim\" style=\"background-color:#445467\"><\/span><div class=\"wp-block-cover__inner-container has-global-padding is-layout-constrained wp-block-cover-is-layout-constrained\">\n<p class=\"has-text-align-center song-title has-x-large-font-size\"><strong>Seeming Chrysalis<\/strong><\/p>\n<\/div><\/div>\n<\/div>\n\n\n\n<div>\n<h2 class=\"gb-text\">Tech Spec:<\/h2>\n\n\n\n<p class=\"gb-text zi-10 fichatecnica\"><strong>Release: <\/strong>Sep, 2025.<br><strong>Instruments: <\/strong>Symphony Orchestra.<br><strong>Recording:<\/strong> World premiere, Jun 2025.<br><strong>Venue:<\/strong> Manila, Philippines.<br><strong>Performers:<\/strong> Manila Symphony Orchestra (MSO)<br><strong>Genre:<\/strong> Classical. <br><strong>Subgenres:<\/strong> Cinematic, Orchestral, Soundtrack.<br><strong>Mixing &amp; Mastering: <\/strong>Jorge Gim\u00e9nez.<br><\/p>\n<\/div>\n\n\n\n<div>\n<figure class=\"wp-block-embed is-type-rich is-provider-spotify wp-block-embed-spotify wp-embed-aspect-16-9 wp-has-aspect-ratio\"><div class=\"wp-block-embed__wrapper\">\n<iframe title=\"Spotify Embed: Seeming Chrysalis (Live)\" style=\"border-radius: 12px\" width=\"100%\" height=\"152\" frameborder=\"0\" allowfullscreen allow=\"autoplay; clipboard-write; encrypted-media; fullscreen; picture-in-picture\" loading=\"lazy\" src=\"https:\/\/open.spotify.com\/embed\/track\/7rCw7vYP0iJ5gomAaecTqR?si=PduV-AcQRUey2-3Z7-xQYw&amp;utm_source=oembed\"><\/iframe>\n<\/div><\/figure>\n<\/div>\n<\/div>\n<\/div>\n\n\n\n<div class=\"gb-element-09650879\">\n<div class=\"gb-element-4c695f90\">\n<span class=\"gb-shape gb-shape-4b6c649d gb-shape--divider\"><svg xmlns=\"http:\/\/www.w3.org\/2000\/svg\" viewbox=\"0 0 1200 194.3\" preserveaspectratio=\"none\"><path d=\"M1200 133.3l-50 8.9c-50 8.6-150 26.9-250 31.1-100 4.2-200-4.2-300-26.7S400 89.2 300 62.2C200 35.8 100 17.5 50 8.9L0 0v194.3h1200v-61z\"><\/path><\/svg><\/span>\n\n\n\n<div class=\"gb-element-e44ac016\">\n<div class=\"wp-block-cover mh-380\" style=\"border-top-left-radius:12px;border-top-right-radius:12px;border-bottom-left-radius:12px;border-bottom-right-radius:12px;min-height:380px;aspect-ratio:unset;\"><img loading=\"lazy\" decoding=\"async\" width=\"1000\" height=\"1000\" class=\"wp-block-cover__image-background wp-image-216 size-full\" alt=\"\" src=\"https:\/\/juliasanchezmusic.com\/wp-content\/uploads\/2026\/01\/Seeming-Chrysalis.avif\" data-object-fit=\"cover\" srcset=\"https:\/\/juliasanchezmusic.com\/wp-content\/uploads\/2026\/01\/Seeming-Chrysalis.avif 1000w, https:\/\/juliasanchezmusic.com\/wp-content\/uploads\/2026\/01\/Seeming-Chrysalis-300x300.avif 300w, https:\/\/juliasanchezmusic.com\/wp-content\/uploads\/2026\/01\/Seeming-Chrysalis-150x150.avif 150w, https:\/\/juliasanchezmusic.com\/wp-content\/uploads\/2026\/01\/Seeming-Chrysalis-12x12.avif 12w, https:\/\/juliasanchezmusic.com\/wp-content\/uploads\/2026\/01\/Seeming-Chrysalis-600x600.avif 600w, https:\/\/juliasanchezmusic.com\/wp-content\/uploads\/2026\/01\/Seeming-Chrysalis-800x800.avif 800w\" sizes=\"auto, (max-width: 1000px) 100vw, 1000px\" \/><span aria-hidden=\"true\" class=\"wp-block-cover__background has-background-dim\" style=\"background-color:#445467\"><\/span><div class=\"wp-block-cover__inner-container has-global-padding is-layout-constrained wp-block-cover-is-layout-constrained\">\n<p class=\"has-text-align-center song-title-3 has-medium-font-size\"><strong>Seeming Chrysalis<\/strong><\/p>\n\n\n\n<p class=\"has-text-align-center song-title-2 has-max-48-font-size\"><strong>Changeling in Waltz time<\/strong><\/p>\n<\/div><\/div>\n<\/div>\n\n\n\n<div>\n<h2 class=\"gb-text\">Tech Spec:<\/h2>\n\n\n\n<p class=\"gb-text zi-10 fichatecnica\"><strong>Release: <\/strong>Sep, 2025.<br><strong>Instruments: <\/strong>Symphony Orchestra.<br><strong>Recording:<\/strong> World premiere, Jun 2025.<br><strong>Venue:<\/strong> Manila, Philippines.<br><strong>Performers:<\/strong> Manila Symphony Orchestra (MSO)<br><strong>Genre:<\/strong> Classical. <br><strong>Subgenres:<\/strong> Cinematic, Orchestral, Soundtrack.<br><strong>Mixing &amp; Mastering: <\/strong>Jorge Gim\u00e9nez.<br><\/p>\n<\/div>\n\n\n\n<div>\n<figure class=\"wp-block-embed is-type-video is-provider-youtube wp-block-embed-youtube wp-embed-aspect-1-1 wp-has-aspect-ratio\"><div class=\"wp-block-embed__wrapper\">\n<iframe loading=\"lazy\" title=\"Seeming Chrysalis (Live) Changeling in Waltz Time\" width=\"950\" height=\"534\" src=\"https:\/\/www.youtube.com\/embed\/BztCALR4jhg?feature=oembed\" frameborder=\"0\" allow=\"accelerometer; autoplay; clipboard-write; encrypted-media; gyroscope; picture-in-picture; web-share\" referrerpolicy=\"strict-origin-when-cross-origin\" allowfullscreen><\/iframe>\n<\/div><\/figure>\n<\/div>\n<\/div>\n<\/div>\n\n\n\n<div class=\"gb-element-9ca9b24a\">\n<div class=\"gb-element-dd95f3e3\">\n<span class=\"gb-shape gb-shape-21b5a862 gb-shape--divider\"><svg xmlns=\"http:\/\/www.w3.org\/2000\/svg\" viewbox=\"0 0 1200 194.3\" preserveaspectratio=\"none\"><path d=\"M1200 133.3l-50 8.9c-50 8.6-150 26.9-250 31.1-100 4.2-200-4.2-300-26.7S400 89.2 300 62.2C200 35.8 100 17.5 50 8.9L0 0v194.3h1200v-61z\"><\/path><\/svg><\/span>\n\n\n\n<div class=\"gb-element-356ded03\">\n<div class=\"wp-block-cover mh-380\" style=\"border-top-left-radius:12px;border-top-right-radius:12px;border-bottom-left-radius:12px;border-bottom-right-radius:12px;min-height:380px;aspect-ratio:unset;\"><img loading=\"lazy\" decoding=\"async\" width=\"1400\" height=\"1400\" class=\"wp-block-cover__image-background wp-image-415 size-full\" alt=\"\" src=\"https:\/\/juliasanchezmusic.com\/wp-content\/uploads\/2026\/01\/Portada-o-Tapa-i2-copy.avif\" data-object-fit=\"cover\" srcset=\"https:\/\/juliasanchezmusic.com\/wp-content\/uploads\/2026\/01\/Portada-o-Tapa-i2-copy.avif 1400w, https:\/\/juliasanchezmusic.com\/wp-content\/uploads\/2026\/01\/Portada-o-Tapa-i2-copy-300x300.avif 300w, https:\/\/juliasanchezmusic.com\/wp-content\/uploads\/2026\/01\/Portada-o-Tapa-i2-copy-1024x1024.avif 1024w, https:\/\/juliasanchezmusic.com\/wp-content\/uploads\/2026\/01\/Portada-o-Tapa-i2-copy-150x150.avif 150w, https:\/\/juliasanchezmusic.com\/wp-content\/uploads\/2026\/01\/Portada-o-Tapa-i2-copy-12x12.avif 12w\" sizes=\"auto, (max-width: 1400px) 100vw, 1400px\" \/><span aria-hidden=\"true\" class=\"wp-block-cover__background has-background-dim\" style=\"background-color:#221d17\"><\/span><div class=\"wp-block-cover__inner-container has-global-padding is-layout-constrained wp-block-cover-is-layout-constrained\">\n<p class=\"has-text-align-center song-title-4 has-x-large-font-size\"><strong><em>i2<\/em><\/strong><\/p>\n<\/div><\/div>\n<\/div>\n\n\n\n<div>\n<h2 class=\"gb-text mb-0\">Tech Spec:<\/h2>\n\n\n\n<p class=\"gb-text zi-10 fichatecnica\"><strong>Release: <\/strong>2009.<br><strong>Instruments: <\/strong>Solo Cello, Multimedia, and Real-Time Electronic Processing<br><strong>Recording:<\/strong> World premiere, Nov 2009.<br><strong>Venue:<\/strong> CABA, Argentina.<br><strong>Performers:<\/strong> Cello: Pablo Garc\u00eda | Video: Pablo Rabe y Diego Defeo<br><strong>Genre:<\/strong> Soundtrack. <br><strong>Subgenres:<\/strong> Experimental, Electroacustic, Cinematic, Contemporary, Classical.<br><strong>Mixing &amp; Mastering: <\/strong>Jorge Gim\u00e9nez.<br><\/p>\n<\/div>\n\n\n\n<div>\n<figure class=\"wp-block-embed is-type-video is-provider-youtube wp-block-embed-youtube wp-embed-aspect-1-1  wp-has-aspect-ratio\"><div class=\"wp-block-embed__wrapper\">\n<iframe loading=\"lazy\" title=\"I2\" width=\"950\" height=\"534\" src=\"https:\/\/www.youtube.com\/embed\/n6rSo2BnswQ?feature=oembed\" frameborder=\"0\" allow=\"accelerometer; autoplay; clipboard-write; encrypted-media; gyroscope; picture-in-picture; web-share\" referrerpolicy=\"strict-origin-when-cross-origin\" allowfullscreen><\/iframe>\n<\/div><\/figure>\n<\/div>\n<\/div>\n<\/div>\n<\/div>","protected":false},"excerpt":{"rendered":"<p>Obras originales que exploran la relaci\u00f3n entre escritura musical, dramaturgia sonora y escucha. Composiciones para medios ac\u00fasticos, electr\u00f3nicos y formatos h\u00edbridos, concebidas desde una mirada autoral y narrativa. Ficha t\u00e9cnica: Lanzamiento: Nov, 2025.Instrumento: Trio de saxof\u00f3n SAB.Grabaci\u00f3n: Estreno mundial, Jul 2015.Lugar: The Nordic Saxophon Festival 2015, Camerata Hall Musiikitalo Helsinki Music Centre (Finland).Ejecutante: S: Anders &hellip; <\/p>\n<p class=\"link-more\"><a href=\"https:\/\/juliasanchezmusic.com\/en\/musica\/\" class=\"more-link\">Read more<span class=\"screen-reader-text\"> \u00abM\u00fasica\u00bb<\/span><\/a><\/p>","protected":false},"author":2,"featured_media":192,"parent":0,"menu_order":0,"comment_status":"closed","ping_status":"closed","template":"","meta":{"inspiro_hide_title":false,"footnotes":""},"class_list":["post-262","page","type-page","status-publish","has-post-thumbnail","hentry"],"yoast_head":"<!-- This site is optimized with the Yoast SEO plugin v27.4 - https:\/\/yoast.com\/product\/yoast-seo-wordpress\/ -->\n<title>M\u00fasica - Julia Sanchez Music<\/title>\n<meta name=\"robots\" content=\"index, follow, max-snippet:-1, max-image-preview:large, max-video-preview:-1\" \/>\n<link rel=\"canonical\" href=\"https:\/\/juliasanchezmusic.com\/en\/musica\/\" \/>\n<meta property=\"og:locale\" content=\"en_US\" \/>\n<meta property=\"og:type\" content=\"article\" \/>\n<meta property=\"og:title\" content=\"M\u00fasica - Julia Sanchez Music\" \/>\n<meta property=\"og:description\" content=\"Obras originales que exploran la relaci\u00f3n entre escritura musical, dramaturgia sonora y escucha. Composiciones para medios ac\u00fasticos, electr\u00f3nicos y formatos h\u00edbridos, concebidas desde una mirada autoral y narrativa. Ficha t\u00e9cnica: Lanzamiento: Nov, 2025.Instrumento: Trio de saxof\u00f3n SAB.Grabaci\u00f3n: Estreno mundial, Jul 2015.Lugar: The Nordic Saxophon Festival 2015, Camerata Hall Musiikitalo Helsinki Music Centre (Finland).Ejecutante: S: Anders &hellip; Read more &quot;M\u00fasica&quot;\" \/>\n<meta property=\"og:url\" content=\"https:\/\/juliasanchezmusic.com\/en\/musica\/\" \/>\n<meta property=\"og:site_name\" content=\"Julia Sanchez Music\" \/>\n<meta property=\"article:modified_time\" content=\"2026-01-10T14:24:11+00:00\" \/>\n<meta name=\"twitter:card\" content=\"summary_large_image\" \/>\n<meta name=\"twitter:label1\" content=\"Est. reading time\" \/>\n\t<meta name=\"twitter:data1\" content=\"2 minutes\" \/>\n<script type=\"application\/ld+json\" class=\"yoast-schema-graph\">{\"@context\":\"https:\\\/\\\/schema.org\",\"@graph\":[{\"@type\":\"WebPage\",\"@id\":\"https:\\\/\\\/juliasanchezmusic.com\\\/musica\\\/\",\"url\":\"https:\\\/\\\/juliasanchezmusic.com\\\/musica\\\/\",\"name\":\"M\u00fasica - Julia Sanchez Music\",\"isPartOf\":{\"@id\":\"https:\\\/\\\/juliasanchezmusic.com\\\/#website\"},\"primaryImageOfPage\":{\"@id\":\"https:\\\/\\\/juliasanchezmusic.com\\\/musica\\\/#primaryimage\"},\"image\":{\"@id\":\"https:\\\/\\\/juliasanchezmusic.com\\\/musica\\\/#primaryimage\"},\"thumbnailUrl\":\"https:\\\/\\\/juliasanchezmusic.com\\\/wp-content\\\/uploads\\\/2026\\\/01\\\/MUSICA-Boton.avif\",\"datePublished\":\"2026-01-06T00:44:33+00:00\",\"dateModified\":\"2026-01-10T14:24:11+00:00\",\"breadcrumb\":{\"@id\":\"https:\\\/\\\/juliasanchezmusic.com\\\/musica\\\/#breadcrumb\"},\"inLanguage\":\"en-US\",\"potentialAction\":[{\"@type\":\"ReadAction\",\"target\":[\"https:\\\/\\\/juliasanchezmusic.com\\\/musica\\\/\"]}]},{\"@type\":\"ImageObject\",\"inLanguage\":\"en-US\",\"@id\":\"https:\\\/\\\/juliasanchezmusic.com\\\/musica\\\/#primaryimage\",\"url\":\"https:\\\/\\\/juliasanchezmusic.com\\\/wp-content\\\/uploads\\\/2026\\\/01\\\/MUSICA-Boton.avif\",\"contentUrl\":\"https:\\\/\\\/juliasanchezmusic.com\\\/wp-content\\\/uploads\\\/2026\\\/01\\\/MUSICA-Boton.avif\",\"width\":1920,\"height\":1281},{\"@type\":\"BreadcrumbList\",\"@id\":\"https:\\\/\\\/juliasanchezmusic.com\\\/musica\\\/#breadcrumb\",\"itemListElement\":[{\"@type\":\"ListItem\",\"position\":1,\"name\":\"Portada\",\"item\":\"https:\\\/\\\/juliasanchezmusic.com\\\/\"},{\"@type\":\"ListItem\",\"position\":2,\"name\":\"M\u00fasica\"}]},{\"@type\":\"WebSite\",\"@id\":\"https:\\\/\\\/juliasanchezmusic.com\\\/#website\",\"url\":\"https:\\\/\\\/juliasanchezmusic.com\\\/\",\"name\":\"Julia Sanchez Music\",\"description\":\"Julia Sanchez - Condutor \\\/ Composer\",\"publisher\":{\"@id\":\"https:\\\/\\\/juliasanchezmusic.com\\\/#organization\"},\"potentialAction\":[{\"@type\":\"SearchAction\",\"target\":{\"@type\":\"EntryPoint\",\"urlTemplate\":\"https:\\\/\\\/juliasanchezmusic.com\\\/?s={search_term_string}\"},\"query-input\":{\"@type\":\"PropertyValueSpecification\",\"valueRequired\":true,\"valueName\":\"search_term_string\"}}],\"inLanguage\":\"en-US\"},{\"@type\":\"Organization\",\"@id\":\"https:\\\/\\\/juliasanchezmusic.com\\\/#organization\",\"name\":\"Julia Sanchez Music\",\"url\":\"https:\\\/\\\/juliasanchezmusic.com\\\/\",\"logo\":{\"@type\":\"ImageObject\",\"inLanguage\":\"en-US\",\"@id\":\"https:\\\/\\\/juliasanchezmusic.com\\\/#\\\/schema\\\/logo\\\/image\\\/\",\"url\":\"https:\\\/\\\/juliasanchezmusic.com\\\/wp-content\\\/uploads\\\/2025\\\/12\\\/cropped-Logo-letras-blancas.webp\",\"contentUrl\":\"https:\\\/\\\/juliasanchezmusic.com\\\/wp-content\\\/uploads\\\/2025\\\/12\\\/cropped-Logo-letras-blancas.webp\",\"width\":1023,\"height\":541,\"caption\":\"Julia Sanchez Music\"},\"image\":{\"@id\":\"https:\\\/\\\/juliasanchezmusic.com\\\/#\\\/schema\\\/logo\\\/image\\\/\"}}]}<\/script>\n<!-- \/ Yoast SEO plugin. -->","yoast_head_json":{"title":"M\u00fasica - Julia Sanchez Music","robots":{"index":"index","follow":"follow","max-snippet":"max-snippet:-1","max-image-preview":"max-image-preview:large","max-video-preview":"max-video-preview:-1"},"canonical":"https:\/\/juliasanchezmusic.com\/en\/musica\/","og_locale":"en_US","og_type":"article","og_title":"M\u00fasica - Julia Sanchez Music","og_description":"Obras originales que exploran la relaci\u00f3n entre escritura musical, dramaturgia sonora y escucha. Composiciones para medios ac\u00fasticos, electr\u00f3nicos y formatos h\u00edbridos, concebidas desde una mirada autoral y narrativa. Ficha t\u00e9cnica: Lanzamiento: Nov, 2025.Instrumento: Trio de saxof\u00f3n SAB.Grabaci\u00f3n: Estreno mundial, Jul 2015.Lugar: The Nordic Saxophon Festival 2015, Camerata Hall Musiikitalo Helsinki Music Centre (Finland).Ejecutante: S: Anders &hellip; Read more \"M\u00fasica\"","og_url":"https:\/\/juliasanchezmusic.com\/en\/musica\/","og_site_name":"Julia Sanchez Music","article_modified_time":"2026-01-10T14:24:11+00:00","twitter_card":"summary_large_image","twitter_misc":{"Est. reading time":"2 minutes"},"schema":{"@context":"https:\/\/schema.org","@graph":[{"@type":"WebPage","@id":"https:\/\/juliasanchezmusic.com\/musica\/","url":"https:\/\/juliasanchezmusic.com\/musica\/","name":"M\u00fasica - Julia Sanchez Music","isPartOf":{"@id":"https:\/\/juliasanchezmusic.com\/#website"},"primaryImageOfPage":{"@id":"https:\/\/juliasanchezmusic.com\/musica\/#primaryimage"},"image":{"@id":"https:\/\/juliasanchezmusic.com\/musica\/#primaryimage"},"thumbnailUrl":"https:\/\/juliasanchezmusic.com\/wp-content\/uploads\/2026\/01\/MUSICA-Boton.avif","datePublished":"2026-01-06T00:44:33+00:00","dateModified":"2026-01-10T14:24:11+00:00","breadcrumb":{"@id":"https:\/\/juliasanchezmusic.com\/musica\/#breadcrumb"},"inLanguage":"en-US","potentialAction":[{"@type":"ReadAction","target":["https:\/\/juliasanchezmusic.com\/musica\/"]}]},{"@type":"ImageObject","inLanguage":"en-US","@id":"https:\/\/juliasanchezmusic.com\/musica\/#primaryimage","url":"https:\/\/juliasanchezmusic.com\/wp-content\/uploads\/2026\/01\/MUSICA-Boton.avif","contentUrl":"https:\/\/juliasanchezmusic.com\/wp-content\/uploads\/2026\/01\/MUSICA-Boton.avif","width":1920,"height":1281},{"@type":"BreadcrumbList","@id":"https:\/\/juliasanchezmusic.com\/musica\/#breadcrumb","itemListElement":[{"@type":"ListItem","position":1,"name":"Portada","item":"https:\/\/juliasanchezmusic.com\/"},{"@type":"ListItem","position":2,"name":"M\u00fasica"}]},{"@type":"WebSite","@id":"https:\/\/juliasanchezmusic.com\/#website","url":"https:\/\/juliasanchezmusic.com\/","name":"Julia Sanchez Music","description":"Julia Sanchez - Condutor \/ Composer","publisher":{"@id":"https:\/\/juliasanchezmusic.com\/#organization"},"potentialAction":[{"@type":"SearchAction","target":{"@type":"EntryPoint","urlTemplate":"https:\/\/juliasanchezmusic.com\/?s={search_term_string}"},"query-input":{"@type":"PropertyValueSpecification","valueRequired":true,"valueName":"search_term_string"}}],"inLanguage":"en-US"},{"@type":"Organization","@id":"https:\/\/juliasanchezmusic.com\/#organization","name":"Julia Sanchez Music","url":"https:\/\/juliasanchezmusic.com\/","logo":{"@type":"ImageObject","inLanguage":"en-US","@id":"https:\/\/juliasanchezmusic.com\/#\/schema\/logo\/image\/","url":"https:\/\/juliasanchezmusic.com\/wp-content\/uploads\/2025\/12\/cropped-Logo-letras-blancas.webp","contentUrl":"https:\/\/juliasanchezmusic.com\/wp-content\/uploads\/2025\/12\/cropped-Logo-letras-blancas.webp","width":1023,"height":541,"caption":"Julia Sanchez Music"},"image":{"@id":"https:\/\/juliasanchezmusic.com\/#\/schema\/logo\/image\/"}}]}},"featured_media_urls":{"thumbnail":["https:\/\/juliasanchezmusic.com\/wp-content\/uploads\/2026\/01\/MUSICA-Boton-150x150.avif",150,150,true],"medium":["https:\/\/juliasanchezmusic.com\/wp-content\/uploads\/2026\/01\/MUSICA-Boton-300x200.avif",300,200,true],"medium_large":["https:\/\/juliasanchezmusic.com\/wp-content\/uploads\/2026\/01\/MUSICA-Boton.avif",768,512,false],"large":["https:\/\/juliasanchezmusic.com\/wp-content\/uploads\/2026\/01\/MUSICA-Boton-1024x683.avif",950,634,true],"1536x1536":["https:\/\/juliasanchezmusic.com\/wp-content\/uploads\/2026\/01\/MUSICA-Boton-1536x1025.avif",1536,1025,true],"2048x2048":["https:\/\/juliasanchezmusic.com\/wp-content\/uploads\/2026\/01\/MUSICA-Boton.avif",1920,1281,false],"trp-custom-language-flag":["https:\/\/juliasanchezmusic.com\/wp-content\/uploads\/2026\/01\/MUSICA-Boton-18x12.avif",18,12,true],"inspiro-featured-image":["https:\/\/juliasanchezmusic.com\/wp-content\/uploads\/2026\/01\/MUSICA-Boton.avif",1920,1281,false],"inspiro-loop":["https:\/\/juliasanchezmusic.com\/wp-content\/uploads\/2026\/01\/MUSICA-Boton-950x320.avif",950,320,true],"inspiro-loop@2x":["https:\/\/juliasanchezmusic.com\/wp-content\/uploads\/2026\/01\/MUSICA-Boton-1900x640.avif",1900,640,true],"portfolio_item-thumbnail":["https:\/\/juliasanchezmusic.com\/wp-content\/uploads\/2026\/01\/MUSICA-Boton-600x400.avif",600,400,true],"portfolio_item-thumbnail@2x":["https:\/\/juliasanchezmusic.com\/wp-content\/uploads\/2026\/01\/MUSICA-Boton-1200x800.avif",1200,800,true],"portfolio_item-masonry":["https:\/\/juliasanchezmusic.com\/wp-content\/uploads\/2026\/01\/MUSICA-Boton-600x400.avif",600,400,true],"portfolio_item-masonry@2x":["https:\/\/juliasanchezmusic.com\/wp-content\/uploads\/2026\/01\/MUSICA-Boton-1200x801.avif",1200,801,true],"portfolio_item-thumbnail_cinema":["https:\/\/juliasanchezmusic.com\/wp-content\/uploads\/2026\/01\/MUSICA-Boton-800x335.avif",800,335,true],"portfolio_item-thumbnail_portrait":["https:\/\/juliasanchezmusic.com\/wp-content\/uploads\/2026\/01\/MUSICA-Boton-600x900.avif",600,900,true],"portfolio_item-thumbnail_portrait@2x":["https:\/\/juliasanchezmusic.com\/wp-content\/uploads\/2026\/01\/MUSICA-Boton-1200x1281.avif",1200,1281,true],"portfolio_item-thumbnail_square":["https:\/\/juliasanchezmusic.com\/wp-content\/uploads\/2026\/01\/MUSICA-Boton-800x800.avif",800,800,true]},"_links":{"self":[{"href":"https:\/\/juliasanchezmusic.com\/en\/wp-json\/wp\/v2\/pages\/262","targetHints":{"allow":["GET"]}}],"collection":[{"href":"https:\/\/juliasanchezmusic.com\/en\/wp-json\/wp\/v2\/pages"}],"about":[{"href":"https:\/\/juliasanchezmusic.com\/en\/wp-json\/wp\/v2\/types\/page"}],"author":[{"embeddable":true,"href":"https:\/\/juliasanchezmusic.com\/en\/wp-json\/wp\/v2\/users\/2"}],"replies":[{"embeddable":true,"href":"https:\/\/juliasanchezmusic.com\/en\/wp-json\/wp\/v2\/comments?post=262"}],"version-history":[{"count":71,"href":"https:\/\/juliasanchezmusic.com\/en\/wp-json\/wp\/v2\/pages\/262\/revisions"}],"predecessor-version":[{"id":673,"href":"https:\/\/juliasanchezmusic.com\/en\/wp-json\/wp\/v2\/pages\/262\/revisions\/673"}],"wp:featuredmedia":[{"embeddable":true,"href":"https:\/\/juliasanchezmusic.com\/en\/wp-json\/wp\/v2\/media\/192"}],"wp:attachment":[{"href":"https:\/\/juliasanchezmusic.com\/en\/wp-json\/wp\/v2\/media?parent=262"}],"curies":[{"name":"wp","href":"https:\/\/api.w.org\/{rel}","templated":true}]}}