{"id":552,"date":"2026-01-07T12:10:43","date_gmt":"2026-01-07T12:10:43","guid":{"rendered":"https:\/\/juliasanchezmusic.com\/?page_id=552"},"modified":"2026-01-12T11:38:11","modified_gmt":"2026-01-12T11:38:11","slug":"publicaciones","status":"publish","type":"page","link":"https:\/\/juliasanchezmusic.com\/en\/publicaciones\/","title":{"rendered":"Papers"},"content":{"rendered":"<div class=\"gb-element-f1b0ccd7 p-relative\">\n<span class=\"gb-shape gb-shape-e872f3d9 gb-shape--divider\"><svg xmlns=\"http:\/\/www.w3.org\/2000\/svg\" viewbox=\"0 0 1200 194.3\" preserveaspectratio=\"none\"><path d=\"M1200 133.3l-50 8.9c-50 8.6-150 26.9-250 31.1-100 4.2-200-4.2-300-26.7S400 89.2 300 62.2C200 35.8 100 17.5 50 8.9L0 0v194.3h1200v-61z\"><\/path><\/svg><\/span>\n\n\n\n<p class=\"gb-text gb-text-43032e50\"><strong>Research Article<\/strong><\/p>\n\n\n\n<h2 class=\"gb-text gb-text-ee196ae9\"><strong>Congruences between Vocal Technical Development and Piano Performance<br><em>A Neurocognitive Hypothesis with Pedagogical Applications<\/em><\/strong><\/h2>\n\n\n\n<p class=\"gb-text gb-text-6745410b zi-10\"><strong>Authors: <\/strong>Alessandroni Betancor, Nicol\u00e1s \u2013 Julia Sanchez<br><strong>Type:<\/strong> Academic article (institutional publication, non\u2013peer reviewed)<br><strong>Publication:<\/strong> Research in Vocal Technique (conference proceedings \/ academic publication)<br><strong>ISBN: 978-950-34-1003-5<br>Year: 2013<\/strong><br><strong>Brief description:<br><\/strong>A theoretical and applied proposal that links vocal technical processes and piano performance from a neurocognitive perspective, incorporating methodological approaches with pedagogical applications.<br><\/p>\n\n\n\n<div class=\"wp-block-buttons is-layout-flex wp-block-buttons-is-layout-flex\">\n<div class=\"wp-block-button glass-card is-style-outline is-style-outline--1\"><a class=\"wp-block-button__link has-text-color has-link-color wp-element-button\" href=\"https:\/\/sedici.unlp.edu.ar\/bitstream\/handle\/10915\/42517\/Documento_completo.pdf?sequence=1&amp;isAllowed=y\" style=\"border-width:1px;border-top-left-radius:0px;border-top-right-radius:0px;border-bottom-left-radius:0px;border-bottom-right-radius:0px;color:#f5efe6\" target=\"_blank\" rel=\"noreferrer noopener\">View in <strong>SEDICI Institutional Repository<\/strong><\/a><\/div>\n<\/div>\n<\/div>\n\n\n\n<div class=\"gb-element-fa559897 p-relative\">\n<span class=\"gb-shape gb-shape-78d25efb gb-shape--divider\"><svg xmlns=\"http:\/\/www.w3.org\/2000\/svg\" viewbox=\"0 0 1200 194.3\" preserveaspectratio=\"none\"><path d=\"M1200 133.3l-50 8.9c-50 8.6-150 26.9-250 31.1-100 4.2-200-4.2-300-26.7S400 89.2 300 62.2C200 35.8 100 17.5 50 8.9L0 0v194.3h1200v-61z\"><\/path><\/svg><\/span>\n\n\n\n<p class=\"gb-text gb-text-3dc45132\"><strong><strong>Academic Review<\/strong><\/strong><\/p>\n\n\n\n<h2 class=\"gb-text gb-text-60df2665\"><strong><em>Making More Sense of How to Sing<\/em> \u2014 Alan J. Gumm<\/strong><\/h2>\n\n\n\n<p class=\"gb-text gb-text-240f5d77 zi-10\"><strong>Author:<\/strong> Julia Sanchez<br><strong>Journal:<\/strong> Research in Vocal Technique \u00b7<strong>ISSN 2347-0275<br>Year \/ Issue:<\/strong> Year 1, No. 1 \u00b7 p. 92<br><strong>Brief description:<br><\/strong>A critical review that engages contemporary approaches to vocal technique, placing them in dialogue with current pedagogical and theoretical perspectives.<br><\/p>\n\n\n\n<div class=\"wp-block-buttons is-layout-flex wp-block-buttons-is-layout-flex\">\n<div class=\"wp-block-button glass-card is-style-outline is-style-outline--2\"><a class=\"wp-block-button__link has-text-color has-link-color wp-element-button\" href=\"https:\/\/juliasanchezmusic.com\/wp-content\/uploads\/2026\/01\/ITEM-02.-doloresgarciaGestor_adelarevista2064-Manuscrito-13533-1-10-20180424.pdf\" style=\"border-width:1px;border-top-left-radius:0px;border-top-right-radius:0px;border-bottom-left-radius:0px;border-bottom-right-radius:0px;color:#f5efe6\" target=\"_blank\" rel=\"noreferrer noopener\">PDF Download<\/a><\/div>\n\n\n\n<div class=\"wp-block-button glass-card is-style-outline is-style-outline--3\"><a class=\"wp-block-button__link has-text-color has-link-color wp-element-button\" href=\"https:\/\/revistas.unlp.edu.ar\/RITeV\/article\/view\/2064\" style=\"border-width:1px;border-top-left-radius:0px;border-top-right-radius:0px;border-bottom-left-radius:0px;border-bottom-right-radius:0px;color:#f5efe6\" target=\"_blank\" rel=\"noreferrer noopener\">View in Dialnet<\/a><\/div>\n\n\n\n<div class=\"wp-block-button glass-card is-style-outline is-style-outline--4\"><a class=\"wp-block-button__link has-text-color has-link-color wp-element-button\" href=\"https:\/\/www.researchgate.net\/publication\/399391367_Resena_Making_More_sense_of_How_to_sing_Alan_J_Gumm_Multisensory_Techniques_for_Voice_Lessons_and_Choir_Rehearsals\" style=\"border-width:1px;border-top-left-radius:0px;border-top-right-radius:0px;border-bottom-left-radius:0px;border-bottom-right-radius:0px;color:#f5efe6\" target=\"_blank\" rel=\"noreferrer noopener\">View in ResearchGate<\/a><\/div>\n<\/div>\n<\/div>\n\n\n\n<div class=\"gb-element-4ddd5b3b p-relative\">\n<span class=\"gb-shape gb-shape-c1b419ff gb-shape--divider\"><svg xmlns=\"http:\/\/www.w3.org\/2000\/svg\" viewbox=\"0 0 1200 194.3\" preserveaspectratio=\"none\"><path d=\"M1200 133.3l-50 8.9c-50 8.6-150 26.9-250 31.1-100 4.2-200-4.2-300-26.7S400 89.2 300 62.2C200 35.8 100 17.5 50 8.9L0 0v194.3h1200v-61z\"><\/path><\/svg><\/span>\n\n\n\n<p class=\"gb-text gb-text-9815f3ca\"><strong><strong><strong>Master\u2019s Thesis<\/strong><\/strong><\/strong><\/p>\n\n\n\n<h2 class=\"gb-text gb-text-bb840474\">Rent: Heterosemiotic Transduction of <em>La Boh\u00e8me. <\/em>Format Updating for the 20th and 21st Centuries<\/h2>\n\n\n\n<p class=\"gb-text gb-text-6d4c1a58 zi-10\"><strong>Author: <\/strong>Julia Sanchez<br><strong>Type:<\/strong> Master\u2019s Thesis (academic research)<br><strong>Institution:<\/strong> Universidad Aut\u00f3noma de Madrid (UAM)<br><strong>Year: <\/strong>2022<br><strong>Brief description:<br><\/strong>This thesis analyzes <em>Jonathan Larson\u2019s Rent<\/em> as a case of heterosemiotic transduction of <em>Giacomo Puccini\u2019s La Boh\u00e8me<\/em> , addressing the processes of adaptation, re-signification, and updating of an operatic model within the cultural, social, and aesthetic contexts of the 20th and 21st centuries. The research explores the narrative, musical, and semiotic transformations involved in the transition from opera to contemporary musical theatre, placing lyrical tradition, popular culture, and new stage formats in dialogue.<\/p>\n\n\n\n<div class=\"wp-block-buttons is-layout-flex wp-block-buttons-is-layout-flex\">\n<div class=\"wp-block-button glass-card is-style-outline is-style-outline--5\"><a class=\"wp-block-button__link has-text-color has-link-color wp-element-button\" href=\"https:\/\/www.researchgate.net\/publication\/399401451_Rent_transduccion_heterosemiotica_de_la_boheme_Actualizacion_de_Formato_para_los_Siglos_XX_y_XXI\" style=\"border-width:1px;border-top-left-radius:0px;border-top-right-radius:0px;border-bottom-left-radius:0px;border-bottom-right-radius:0px;color:#f5efe6\" target=\"_blank\" rel=\"noreferrer noopener\">View sheet &amp; abstract in ResearchGate<\/a><\/div>\n<\/div>\n<\/div>","protected":false},"excerpt":{"rendered":"<p>Art\u00edculo de investigaci\u00f3n Congruencias entre desarrollo t\u00e9cnico vocal y ejecuci\u00f3n pian\u00edsticaUna hip\u00f3tesis neurocognitiva con aplicaciones pedag\u00f3gicas Autores: Alessandroni Betancor, Nicol\u00e1s \u2013 Julia SanchezTipo: Art\u00edculo acad\u00e9mico (publicaci\u00f3n institucional, sin referato)Publicaci\u00f3n: Investigaci\u00f3n en T\u00e9cnica Vocal (actas \/ publicaci\u00f3n acad\u00e9mica)ISBN: 978-950-34-1003-5A\u00f1o: 2013Descripci\u00f3n breve:Propuesta te\u00f3rica y aplicada que vincula procesos t\u00e9cnico-vocales y ejecuci\u00f3n pian\u00edstica desde una perspectiva neurocognitiva, incorporando &hellip; <\/p>\n<p class=\"link-more\"><a href=\"https:\/\/juliasanchezmusic.com\/en\/publicaciones\/\" class=\"more-link\">Read more<span class=\"screen-reader-text\"> \u00abPublicaciones\u00bb<\/span><\/a><\/p>","protected":false},"author":2,"featured_media":554,"parent":0,"menu_order":0,"comment_status":"closed","ping_status":"closed","template":"","meta":{"inspiro_hide_title":false,"footnotes":""},"class_list":["post-552","page","type-page","status-publish","has-post-thumbnail","hentry"],"yoast_head":"<!-- This site is optimized with the Yoast SEO plugin v27.4 - https:\/\/yoast.com\/product\/yoast-seo-wordpress\/ -->\n<title>Publicaciones - Julia Sanchez Music<\/title>\n<meta name=\"robots\" content=\"index, follow, max-snippet:-1, max-image-preview:large, max-video-preview:-1\" \/>\n<link rel=\"canonical\" href=\"https:\/\/juliasanchezmusic.com\/en\/publicaciones\/\" \/>\n<meta property=\"og:locale\" content=\"en_US\" \/>\n<meta property=\"og:type\" content=\"article\" \/>\n<meta property=\"og:title\" content=\"Publicaciones - Julia Sanchez Music\" \/>\n<meta property=\"og:description\" content=\"Art\u00edculo de investigaci\u00f3n Congruencias entre desarrollo t\u00e9cnico vocal y ejecuci\u00f3n pian\u00edsticaUna hip\u00f3tesis neurocognitiva con aplicaciones pedag\u00f3gicas Autores: Alessandroni Betancor, Nicol\u00e1s \u2013 Julia SanchezTipo: Art\u00edculo acad\u00e9mico (publicaci\u00f3n institucional, sin referato)Publicaci\u00f3n: Investigaci\u00f3n en T\u00e9cnica Vocal (actas \/ publicaci\u00f3n acad\u00e9mica)ISBN: 978-950-34-1003-5A\u00f1o: 2013Descripci\u00f3n breve:Propuesta te\u00f3rica y aplicada que vincula procesos t\u00e9cnico-vocales y ejecuci\u00f3n pian\u00edstica desde una perspectiva neurocognitiva, incorporando &hellip; Read more &quot;Publicaciones&quot;\" \/>\n<meta property=\"og:url\" content=\"https:\/\/juliasanchezmusic.com\/en\/publicaciones\/\" \/>\n<meta property=\"og:site_name\" content=\"Julia Sanchez Music\" \/>\n<meta property=\"article:modified_time\" content=\"2026-01-12T11:38:11+00:00\" \/>\n<meta name=\"twitter:card\" content=\"summary_large_image\" \/>\n<meta name=\"twitter:label1\" content=\"Est. reading time\" \/>\n\t<meta name=\"twitter:data1\" content=\"2 minutes\" \/>\n<script type=\"application\/ld+json\" class=\"yoast-schema-graph\">{\"@context\":\"https:\\\/\\\/schema.org\",\"@graph\":[{\"@type\":\"WebPage\",\"@id\":\"https:\\\/\\\/juliasanchezmusic.com\\\/publicaciones\\\/\",\"url\":\"https:\\\/\\\/juliasanchezmusic.com\\\/publicaciones\\\/\",\"name\":\"Publicaciones - Julia Sanchez Music\",\"isPartOf\":{\"@id\":\"https:\\\/\\\/juliasanchezmusic.com\\\/#website\"},\"primaryImageOfPage\":{\"@id\":\"https:\\\/\\\/juliasanchezmusic.com\\\/publicaciones\\\/#primaryimage\"},\"image\":{\"@id\":\"https:\\\/\\\/juliasanchezmusic.com\\\/publicaciones\\\/#primaryimage\"},\"thumbnailUrl\":\"https:\\\/\\\/juliasanchezmusic.com\\\/wp-content\\\/uploads\\\/2026\\\/01\\\/detalle-macro-de-papel-de-nota-musical-enrollado-copy.avif\",\"datePublished\":\"2026-01-07T12:10:43+00:00\",\"dateModified\":\"2026-01-12T11:38:11+00:00\",\"breadcrumb\":{\"@id\":\"https:\\\/\\\/juliasanchezmusic.com\\\/publicaciones\\\/#breadcrumb\"},\"inLanguage\":\"en-US\",\"potentialAction\":[{\"@type\":\"ReadAction\",\"target\":[\"https:\\\/\\\/juliasanchezmusic.com\\\/publicaciones\\\/\"]}]},{\"@type\":\"ImageObject\",\"inLanguage\":\"en-US\",\"@id\":\"https:\\\/\\\/juliasanchezmusic.com\\\/publicaciones\\\/#primaryimage\",\"url\":\"https:\\\/\\\/juliasanchezmusic.com\\\/wp-content\\\/uploads\\\/2026\\\/01\\\/detalle-macro-de-papel-de-nota-musical-enrollado-copy.avif\",\"contentUrl\":\"https:\\\/\\\/juliasanchezmusic.com\\\/wp-content\\\/uploads\\\/2026\\\/01\\\/detalle-macro-de-papel-de-nota-musical-enrollado-copy.avif\",\"width\":1920,\"height\":1280},{\"@type\":\"BreadcrumbList\",\"@id\":\"https:\\\/\\\/juliasanchezmusic.com\\\/publicaciones\\\/#breadcrumb\",\"itemListElement\":[{\"@type\":\"ListItem\",\"position\":1,\"name\":\"Portada\",\"item\":\"https:\\\/\\\/juliasanchezmusic.com\\\/\"},{\"@type\":\"ListItem\",\"position\":2,\"name\":\"Publicaciones\"}]},{\"@type\":\"WebSite\",\"@id\":\"https:\\\/\\\/juliasanchezmusic.com\\\/#website\",\"url\":\"https:\\\/\\\/juliasanchezmusic.com\\\/\",\"name\":\"Julia Sanchez Music\",\"description\":\"Julia Sanchez - Condutor \\\/ Composer\",\"publisher\":{\"@id\":\"https:\\\/\\\/juliasanchezmusic.com\\\/#organization\"},\"potentialAction\":[{\"@type\":\"SearchAction\",\"target\":{\"@type\":\"EntryPoint\",\"urlTemplate\":\"https:\\\/\\\/juliasanchezmusic.com\\\/?s={search_term_string}\"},\"query-input\":{\"@type\":\"PropertyValueSpecification\",\"valueRequired\":true,\"valueName\":\"search_term_string\"}}],\"inLanguage\":\"en-US\"},{\"@type\":\"Organization\",\"@id\":\"https:\\\/\\\/juliasanchezmusic.com\\\/#organization\",\"name\":\"Julia Sanchez Music\",\"url\":\"https:\\\/\\\/juliasanchezmusic.com\\\/\",\"logo\":{\"@type\":\"ImageObject\",\"inLanguage\":\"en-US\",\"@id\":\"https:\\\/\\\/juliasanchezmusic.com\\\/#\\\/schema\\\/logo\\\/image\\\/\",\"url\":\"https:\\\/\\\/juliasanchezmusic.com\\\/wp-content\\\/uploads\\\/2025\\\/12\\\/cropped-Logo-letras-blancas.webp\",\"contentUrl\":\"https:\\\/\\\/juliasanchezmusic.com\\\/wp-content\\\/uploads\\\/2025\\\/12\\\/cropped-Logo-letras-blancas.webp\",\"width\":1023,\"height\":541,\"caption\":\"Julia Sanchez Music\"},\"image\":{\"@id\":\"https:\\\/\\\/juliasanchezmusic.com\\\/#\\\/schema\\\/logo\\\/image\\\/\"}}]}<\/script>\n<!-- \/ Yoast SEO plugin. -->","yoast_head_json":{"title":"Publicaciones - Julia Sanchez Music","robots":{"index":"index","follow":"follow","max-snippet":"max-snippet:-1","max-image-preview":"max-image-preview:large","max-video-preview":"max-video-preview:-1"},"canonical":"https:\/\/juliasanchezmusic.com\/en\/publicaciones\/","og_locale":"en_US","og_type":"article","og_title":"Publicaciones - Julia Sanchez Music","og_description":"Art\u00edculo de investigaci\u00f3n Congruencias entre desarrollo t\u00e9cnico vocal y ejecuci\u00f3n pian\u00edsticaUna hip\u00f3tesis neurocognitiva con aplicaciones pedag\u00f3gicas Autores: Alessandroni Betancor, Nicol\u00e1s \u2013 Julia SanchezTipo: Art\u00edculo acad\u00e9mico (publicaci\u00f3n institucional, sin referato)Publicaci\u00f3n: Investigaci\u00f3n en T\u00e9cnica Vocal (actas \/ publicaci\u00f3n acad\u00e9mica)ISBN: 978-950-34-1003-5A\u00f1o: 2013Descripci\u00f3n breve:Propuesta te\u00f3rica y aplicada que vincula procesos t\u00e9cnico-vocales y ejecuci\u00f3n pian\u00edstica desde una perspectiva neurocognitiva, incorporando &hellip; Read more \"Publicaciones\"","og_url":"https:\/\/juliasanchezmusic.com\/en\/publicaciones\/","og_site_name":"Julia Sanchez Music","article_modified_time":"2026-01-12T11:38:11+00:00","twitter_card":"summary_large_image","twitter_misc":{"Est. reading time":"2 minutes"},"schema":{"@context":"https:\/\/schema.org","@graph":[{"@type":"WebPage","@id":"https:\/\/juliasanchezmusic.com\/publicaciones\/","url":"https:\/\/juliasanchezmusic.com\/publicaciones\/","name":"Publicaciones - Julia Sanchez Music","isPartOf":{"@id":"https:\/\/juliasanchezmusic.com\/#website"},"primaryImageOfPage":{"@id":"https:\/\/juliasanchezmusic.com\/publicaciones\/#primaryimage"},"image":{"@id":"https:\/\/juliasanchezmusic.com\/publicaciones\/#primaryimage"},"thumbnailUrl":"https:\/\/juliasanchezmusic.com\/wp-content\/uploads\/2026\/01\/detalle-macro-de-papel-de-nota-musical-enrollado-copy.avif","datePublished":"2026-01-07T12:10:43+00:00","dateModified":"2026-01-12T11:38:11+00:00","breadcrumb":{"@id":"https:\/\/juliasanchezmusic.com\/publicaciones\/#breadcrumb"},"inLanguage":"en-US","potentialAction":[{"@type":"ReadAction","target":["https:\/\/juliasanchezmusic.com\/publicaciones\/"]}]},{"@type":"ImageObject","inLanguage":"en-US","@id":"https:\/\/juliasanchezmusic.com\/publicaciones\/#primaryimage","url":"https:\/\/juliasanchezmusic.com\/wp-content\/uploads\/2026\/01\/detalle-macro-de-papel-de-nota-musical-enrollado-copy.avif","contentUrl":"https:\/\/juliasanchezmusic.com\/wp-content\/uploads\/2026\/01\/detalle-macro-de-papel-de-nota-musical-enrollado-copy.avif","width":1920,"height":1280},{"@type":"BreadcrumbList","@id":"https:\/\/juliasanchezmusic.com\/publicaciones\/#breadcrumb","itemListElement":[{"@type":"ListItem","position":1,"name":"Portada","item":"https:\/\/juliasanchezmusic.com\/"},{"@type":"ListItem","position":2,"name":"Publicaciones"}]},{"@type":"WebSite","@id":"https:\/\/juliasanchezmusic.com\/#website","url":"https:\/\/juliasanchezmusic.com\/","name":"Julia Sanchez Music","description":"Julia Sanchez - Condutor \/ Composer","publisher":{"@id":"https:\/\/juliasanchezmusic.com\/#organization"},"potentialAction":[{"@type":"SearchAction","target":{"@type":"EntryPoint","urlTemplate":"https:\/\/juliasanchezmusic.com\/?s={search_term_string}"},"query-input":{"@type":"PropertyValueSpecification","valueRequired":true,"valueName":"search_term_string"}}],"inLanguage":"en-US"},{"@type":"Organization","@id":"https:\/\/juliasanchezmusic.com\/#organization","name":"Julia Sanchez Music","url":"https:\/\/juliasanchezmusic.com\/","logo":{"@type":"ImageObject","inLanguage":"en-US","@id":"https:\/\/juliasanchezmusic.com\/#\/schema\/logo\/image\/","url":"https:\/\/juliasanchezmusic.com\/wp-content\/uploads\/2025\/12\/cropped-Logo-letras-blancas.webp","contentUrl":"https:\/\/juliasanchezmusic.com\/wp-content\/uploads\/2025\/12\/cropped-Logo-letras-blancas.webp","width":1023,"height":541,"caption":"Julia Sanchez Music"},"image":{"@id":"https:\/\/juliasanchezmusic.com\/#\/schema\/logo\/image\/"}}]}},"featured_media_urls":{"thumbnail":["https:\/\/juliasanchezmusic.com\/wp-content\/uploads\/2026\/01\/detalle-macro-de-papel-de-nota-musical-enrollado-copy-150x150.avif",150,150,true],"medium":["https:\/\/juliasanchezmusic.com\/wp-content\/uploads\/2026\/01\/detalle-macro-de-papel-de-nota-musical-enrollado-copy-300x200.avif",300,200,true],"medium_large":["https:\/\/juliasanchezmusic.com\/wp-content\/uploads\/2026\/01\/detalle-macro-de-papel-de-nota-musical-enrollado-copy.avif",768,512,false],"large":["https:\/\/juliasanchezmusic.com\/wp-content\/uploads\/2026\/01\/detalle-macro-de-papel-de-nota-musical-enrollado-copy-1024x683.avif",950,634,true],"1536x1536":["https:\/\/juliasanchezmusic.com\/wp-content\/uploads\/2026\/01\/detalle-macro-de-papel-de-nota-musical-enrollado-copy-1536x1024.avif",1536,1024,true],"2048x2048":["https:\/\/juliasanchezmusic.com\/wp-content\/uploads\/2026\/01\/detalle-macro-de-papel-de-nota-musical-enrollado-copy.avif",1920,1280,false],"trp-custom-language-flag":["https:\/\/juliasanchezmusic.com\/wp-content\/uploads\/2026\/01\/detalle-macro-de-papel-de-nota-musical-enrollado-copy-18x12.avif",18,12,true],"inspiro-featured-image":["https:\/\/juliasanchezmusic.com\/wp-content\/uploads\/2026\/01\/detalle-macro-de-papel-de-nota-musical-enrollado-copy.avif",1920,1280,false],"inspiro-loop":["https:\/\/juliasanchezmusic.com\/wp-content\/uploads\/2026\/01\/detalle-macro-de-papel-de-nota-musical-enrollado-copy-950x320.avif",950,320,true],"inspiro-loop@2x":["https:\/\/juliasanchezmusic.com\/wp-content\/uploads\/2026\/01\/detalle-macro-de-papel-de-nota-musical-enrollado-copy-1900x640.avif",1900,640,true],"portfolio_item-thumbnail":["https:\/\/juliasanchezmusic.com\/wp-content\/uploads\/2026\/01\/detalle-macro-de-papel-de-nota-musical-enrollado-copy-600x400.avif",600,400,true],"portfolio_item-thumbnail@2x":["https:\/\/juliasanchezmusic.com\/wp-content\/uploads\/2026\/01\/detalle-macro-de-papel-de-nota-musical-enrollado-copy-1200x800.avif",1200,800,true],"portfolio_item-masonry":["https:\/\/juliasanchezmusic.com\/wp-content\/uploads\/2026\/01\/detalle-macro-de-papel-de-nota-musical-enrollado-copy-600x400.avif",600,400,true],"portfolio_item-masonry@2x":["https:\/\/juliasanchezmusic.com\/wp-content\/uploads\/2026\/01\/detalle-macro-de-papel-de-nota-musical-enrollado-copy-1200x800.avif",1200,800,true],"portfolio_item-thumbnail_cinema":["https:\/\/juliasanchezmusic.com\/wp-content\/uploads\/2026\/01\/detalle-macro-de-papel-de-nota-musical-enrollado-copy-800x335.avif",800,335,true],"portfolio_item-thumbnail_portrait":["https:\/\/juliasanchezmusic.com\/wp-content\/uploads\/2026\/01\/detalle-macro-de-papel-de-nota-musical-enrollado-copy-600x900.avif",600,900,true],"portfolio_item-thumbnail_portrait@2x":["https:\/\/juliasanchezmusic.com\/wp-content\/uploads\/2026\/01\/detalle-macro-de-papel-de-nota-musical-enrollado-copy-1200x1280.avif",1200,1280,true],"portfolio_item-thumbnail_square":["https:\/\/juliasanchezmusic.com\/wp-content\/uploads\/2026\/01\/detalle-macro-de-papel-de-nota-musical-enrollado-copy-800x800.avif",800,800,true]},"_links":{"self":[{"href":"https:\/\/juliasanchezmusic.com\/en\/wp-json\/wp\/v2\/pages\/552","targetHints":{"allow":["GET"]}}],"collection":[{"href":"https:\/\/juliasanchezmusic.com\/en\/wp-json\/wp\/v2\/pages"}],"about":[{"href":"https:\/\/juliasanchezmusic.com\/en\/wp-json\/wp\/v2\/types\/page"}],"author":[{"embeddable":true,"href":"https:\/\/juliasanchezmusic.com\/en\/wp-json\/wp\/v2\/users\/2"}],"replies":[{"embeddable":true,"href":"https:\/\/juliasanchezmusic.com\/en\/wp-json\/wp\/v2\/comments?post=552"}],"version-history":[{"count":35,"href":"https:\/\/juliasanchezmusic.com\/en\/wp-json\/wp\/v2\/pages\/552\/revisions"}],"predecessor-version":[{"id":680,"href":"https:\/\/juliasanchezmusic.com\/en\/wp-json\/wp\/v2\/pages\/552\/revisions\/680"}],"wp:featuredmedia":[{"embeddable":true,"href":"https:\/\/juliasanchezmusic.com\/en\/wp-json\/wp\/v2\/media\/554"}],"wp:attachment":[{"href":"https:\/\/juliasanchezmusic.com\/en\/wp-json\/wp\/v2\/media?parent=552"}],"curies":[{"name":"wp","href":"https:\/\/api.w.org\/{rel}","templated":true}]}}